{"id":219,"date":"2022-01-14T10:57:11","date_gmt":"2022-01-14T10:57:11","guid":{"rendered":"https:\/\/sekimoiranga.eu\/produktas\/gps-seklys-zmonems-vaiku-stebejimui-pagyvenusiu-zmoniu\/"},"modified":"2025-10-23T11:08:53","modified_gmt":"2025-10-23T08:08:53","slug":"gps-sekimo-iranga-zmones-vaikams","status":"publish","type":"product","link":"https:\/\/sekimoiranga.eu\/et\/toode\/gps-sekimo-iranga-zmones-vaikams\/","title":{"rendered":"GPS j\u00e4lgimisseadmed lastele"},"content":{"rendered":"<p><strong>Technin\u0117s savyb\u0117s<\/strong><\/p>\n<ul>\n<li>Tinklai: GSM \/ GPRS<\/li>\n<li>Svoris gps seklio be d\u0117\u017eut\u0117s: 65g.<\/li>\n<li>I\u0161matavimai ilgis 7,8cm x plotis 3,8cm x storis 1,8cm<\/li>\n<li>Palaikomi da\u017eniai: 850\/900\/1800\/1900 MHz<\/li>\n<li>GPS mikroschema: SIRF3 lustas<\/li>\n<li>GPS jautrumas: 159 dBm<\/li>\n<li>GPS tikslumas: 5 m<\/li>\n<li>Baterja: 3.7V 1000mAh<\/li>\n<li>Baterijos bud\u0117jimo trukm\u0117: iki\u00a012 par\u0173<\/li>\n<li>Steb\u0117jimas online: yra<\/li>\n<li>Sos mygtukas<\/li>\n<li>Pakalbi\u0173 pasiklausymas<\/li>\n<li>GSM pasiklausymo funkcija: yra<\/li>\n<li>Tasuta veebip\u00f5hine seire<\/li>\n<li>Nemokamas programa steb\u0117jimui<\/li>\n<\/ul>\n<p><strong>Komplekti kuuluvad:<\/strong><\/p>\n<ul>\n<li>GPS-j\u00e4lgimiss\u00fcsteem;<\/li>\n<li>USB-kaabel<\/li>\n<li>Laikiklis<\/li>\n<li>Juhised leedu keeles<\/li>\n<li>Konto sisselogimine (kasutaja + parool)<\/li>\n<li><strong>Garantii 12 kuud<\/strong><\/li>\n<\/ul>\n<h3>Kasutamine: Teie auto ja asjade ohutuse tagamiseks.<\/h3>\n<p>Mini GPS seklys ( sekiklis) puikiai tinka nepilname\u010di\u0173 vaik\u0173 ar pagyvenusi\u0173 sergan\u010di\u0173 \u017emoni\u0173 steb\u0117jimui. \u0160i gps sekl\u012f da\u017enai naudoja \u017emon\u0117ms steb\u0117ti su alshaimerio liga, kai \u017emon\u0117s pamir\u0161ta kur gyvena ar savo duomenys paskambinate \u012f prietais\u0105: gaunate sms \u017einute su kordinat\u0117mis i google maps, arba stebite gyvai internetu. \u0160io seklio pagalba nesud\u0117tingai gal\u0117site su\u017einoti kur \u017emogus yra \u0161iuo metu. Prietaisas turi galinga 1000Mah baterij\u0105 ( tokio dyd\u017eio prietaisui tai galingas akumuliatorius) Perkantiems i\u0161 M\u016bs\u0173 \u012franga gausite prieeig\u0105 prie steb\u0117jimo serverio. Gal\u0117site gyvai internetu steb\u0117ti kur objektas \u0161iuo metu yra. Taip pat \u0161is \u012frenginys t\u016bri SOS mygtuk\u0105, atsitikus nelaimei \u017emogus paspaus mygtuk\u0105 ir seklys prane\u0161 apie nelaim\u0119- priskirtam telefono numeriui.\u00a0 Taip pat yra galimyb\u0117 klausytis kas vyksta aplinkui (pokalbio pasiklausymas). Yra galimyb\u0117 nustatyti GEO tvor\u0105 &#8211; tai pa\u017eymite pvz. tam tikr\u0105 \u017eem\u0117lapio plot\u0105, gali b\u016bt\u012f pvz. 100m x\u00a0 100m plotas, objektui kirtus \u0161ia linija gaunate prane\u0161im\u0105, kad yra u\u017e teritorijos ribu. Taip pat yra grei\u010dio limito funkcija, tinkanti informuotu J\u016bs apie sekamo automobilio vir\u0161yta greit\u012f ir galima gauti prane\u0161im\u0105 kai objektas pajud\u0117s i\u0161 vietos.\u00a0Yra persp\u0117jimo funkcija apie i\u0161sikraunati akumuliatori\u0173.<\/p>\n<p><strong>GPS seklys padeda u\u017etikrinti saugum\u0105<\/strong><\/p>\n<p>Technologijoms vis spar\u010diau \u017eengiant \u012f priek\u012f galime rinktis tokius produktus, kurie padeda ne tik papras\u010diau atlikti \u012fvairius kasdienius darbus, bet taip pat u\u017etikrina \u017emoni\u0173 saugum\u0105. Viena toki\u0173 galimybi\u0173 \u2013 tai GPS seklys, kuris praver\u010dia i\u0161 ties\u0173 da\u017enose situacijose, o naudotis \u0161iuo \u012frenginiu yra labai paprasta ir patogu. Modern\u016bs GPS sekliai yra pakankamai funkcional\u016bs, tod\u0117l juos galima pritaikyti labai \u012fvairiose situacijose, o \u0161i\u0173 \u012frengini\u0173 privalum\u0173\u00a0galima i\u0161vardinti tikrai nema\u017eai. Taigi, kada galima pritaikyti \u0161iuos \u012frenginius, ir kod\u0117l jie gali b\u016bti\u00a0pa\u010diu geriausiu pasirinkimu?<\/p>\n<p><strong>GPS sekli\u0173 pritaikymo galimyb\u0117s<\/strong><\/p>\n<p>T\u0117veliai visada r\u016bpinasi savo at\u017eal\u0173 saugumu, tod\u0117l GPS seklys gali pad\u0117ti steb\u0117ti, kur vaikas \u0161iuo metu yra. Tai gali pad\u0117ti apsaugoti vaik\u0105 nuo tykan\u010di\u0173 pavoj\u0173, nes nelaim\u0117s atveju vaikas gal\u0117s paspausti pagalbos mygtuk\u0105;<br \/>\nGPS seklys gali pagelb\u0117ti \u017emon\u0117ms, kurie serga Alzheimerio liga, arba ken\u010dia nuo atminties sutrikim\u0173, tad esant tokioms problemoms galima pasvarstyti apie \u0161io \u012frenginio \u012fsigijim\u0105;<br \/>\nGPS sekli\u0173 pritaikymo galimybi\u0173 yra ir kur kas daugiau \u2013 tokia \u012franga gana da\u017enai yra naudojama tuomet, kada siekiama apsaugoti brangiai kainuojan\u010dius daiktus. GPS seklius neretai nusprend\u017eia pasirinkti \u012fvairi\u0173 \u012fmoni\u0173 savininkai, kuriems svarbu sekti krovinius ar \u012fmon\u0117s tikslais naudojam\u0105 transport\u0105, ir t.t.<\/p>\n<p><strong>Svarbiausi GPS seklio privalumai<\/strong><\/p>\n<p>Naudotis GPS sekliu yra labai paprasta, o informacij\u0105 apie objekto ar asmens buvimo viet\u0105 galite steb\u0117ti prisijung\u0119 prie serverio. \u0160i informacija yra gaunama realiu laiku, tod\u0117l j\u016bs nuolat gal\u0117site pasitikrinti, kur \u0161iuo metu yra stebimas asmuo ar objektas;<br \/>\nGPS seklys gali u\u017etikrinti saugum\u0105 \u2013 tokie prietaisai vis da\u017eniau yra naudojami tada, kuomet siekiama, kad vaikai ar atminties sutrikim\u0173 turintys \u017emon\u0117s nepasimest\u0173. Kol kas tai yra viena i\u0161 nedaugelio priemoni\u0173, kuri leid\u017eia steb\u0117ti, kur \u0161iuo metu yra stebimi asmenys ar daiktai, tod\u0117l tokia pasirinkimo galimyb\u0117 gali i\u0161 ties\u0173 puikiai pasiteisinti;<br \/>\nGPS sekliai \u0161iuo metu yra parduodami tikrai palankiomis kainomis, tad neverta nerimauti, kad tokia \u012franga gali b\u016bti pernelyg didel\u0117 prabanga;<br \/>\nGPS seklys padeda labai tiksliai nustatyti stebim\u0173 objekt\u0173 ar asmen\u0173 buvimo koordinates, o tikslumas \u012fprastai yra nurodomas metrais (jis gali \u0161iek tiek skirtis);<br \/>\n\u0160iuo metu galima rinktis i\u0161 \u012fvairi\u0173 GPS sekli\u0173 modeli\u0173, tod\u0117l galite rasti tok\u012f \u012frengin\u012f, kuris geriausiai atitikt\u0173 j\u016bs\u0173 poreikius.<\/p>\n<p><strong>Kaip i\u0161sirinkti tinkam\u0105 GPS sekl\u012f?<\/strong><\/p>\n<p>Vienas da\u017eniausiai vertinam\u0173 kriterij\u0173 \u2013 tai GPS seklio baterijos bud\u0117jimo trukm\u0117. \u012eprastai yra siekiama, kad GPS seklio baterijos bud\u0117jimo trukm\u0117 b\u016bt\u0173 kuo ilgesn\u0117, tad rinkdamiesi tinkamiausi\u0105 \u012frang\u0105 \u012fvertinkite \u0161\u012f kriterij\u0173;<br \/>\nBe abejo, visada svarbu tai, kad GPS seklys asmen\u0173 ir objekt\u0173 buvimo viet\u0105 pad\u0117t\u0173 nustatyti kuo tiksliau. Renkantis toki\u0105 \u012frang\u0105 galite pasidom\u0117ti, keli\u0173 metr\u0173 tikslumu yra nurodomos koordinat\u0117s, ir \u012fsigykite pakankamai tiksl\u0173 prietais\u0105;<br \/>\nGPS sekliai taip pat gali tur\u0117ti ir GSM pasiklausymo funkcij\u0105, tad tuomet, jei aktualu ne vien tik sekam\u0173 objekt\u0173 bei asmen\u0173 koordinat\u0117s, bet ir tai, kas vyksta aplinkoje, atkreipkite d\u0117mes\u012f \u012f \u0161i\u0105 galimyb\u0119.<br \/>\nPasikonsultav\u0119 su pardav\u0117jais tikrai gal\u0117site rasti toki\u0173 GPS sekli\u0173, kurie tikrai puikiai pateisint\u0173 j\u016bs\u0173 poreikius. Nors kartais manoma, kad GPS sekliai yra tinkami naudoti tik tada, kai norima surinkti informacijos teismo procesui ar pan., ta\u010diau i\u0161 ties\u0173 tokia \u012franga praver\u010dia ir tada, kai norima u\u017etikrinti asmen\u0173 saugum\u0105 ar apsaugoti brangiai kainuojan\u010diu\u00a0daiktus nuo vagys\u010di\u0173. GPS sekliai yra gana nedideli, tod\u0117l juos nesunkiai pritvirtinsite prie drabu\u017ei\u0173 ar \u012fvairi\u0173 daikt\u0173.<\/p>","protected":false},"excerpt":{"rendered":"<p>Technin\u0117s savyb\u0117s Tinklai: GSM \/ GPRS Svoris gps seklio be d\u0117\u017eut\u0117s: 65g. I\u0161matavimai ilgis 7,8cm x plotis 3,8cm x storis 1,8cm Palaikomi da\u017eniai: 850\/900\/1800\/1900 MHz GPS mikroschema: SIRF3 lustas GPS jautrumas: 159 dBm GPS tikslumas: 5 m Baterja: 3.7V 1000mAh Baterijos bud\u0117jimo trukm\u0117: iki\u00a012 par\u0173 Steb\u0117jimas online: yra Sos mygtukas Pakalbi\u0173 pasiklausymas GSM pasiklausymo funkcija: [&hellip;]<\/p>","protected":false},"featured_media":794,"template":"","meta":[],"product_brand":[],"product_cat":[20],"product_tag":[],"class_list":{"0":"post-219","1":"product","2":"type-product","3":"status-publish","4":"has-post-thumbnail","6":"product_cat-vietos-nustatymo-iranga","8":"first","9":"instock","10":"taxable","11":"shipping-taxable","12":"purchasable","13":"product-type-simple"},"yoast_head":"<!-- This site is optimized with the Yoast SEO plugin v27.4 - https:\/\/yoast.com\/product\/yoast-seo-wordpress\/ -->\n<title>GPS sekimo \u012franga \u017emon\u0117s vaikams<\/title>\n<meta name=\"robots\" content=\"index, follow, max-snippet:-1, max-image-preview:large, max-video-preview:-1\" \/>\n<link rel=\"canonical\" href=\"https:\/\/sekimoiranga.eu\/et\/\u043f\u0440\u043e\u0434\u0443\u043a\u0442\/gps-sekimo-iranga-zmones-vaikams\/\" \/>\n<meta property=\"og:locale\" content=\"et_EE\" \/>\n<meta property=\"og:type\" content=\"article\" \/>\n<meta property=\"og:title\" content=\"GPS sekimo \u012franga \u017emon\u0117s vaikams\" \/>\n<meta property=\"og:description\" content=\"Technin\u0117s savyb\u0117s Tinklai: GSM \/ GPRS Svoris gps seklio be d\u0117\u017eut\u0117s: 65g. I\u0161matavimai ilgis 7,8cm x plotis 3,8cm x storis 1,8cm Palaikomi da\u017eniai: 850\/900\/1800\/1900 MHz GPS mikroschema: SIRF3 lustas GPS jautrumas: 159 dBm GPS tikslumas: 5 m Baterja: 3.7V 1000mAh Baterijos bud\u0117jimo trukm\u0117: iki\u00a012 par\u0173 Steb\u0117jimas online: yra Sos mygtukas Pakalbi\u0173 pasiklausymas GSM pasiklausymo funkcija: [&hellip;]\" \/>\n<meta property=\"og:url\" content=\"https:\/\/sekimoiranga.eu\/et\/\u043f\u0440\u043e\u0434\u0443\u043a\u0442\/gps-sekimo-iranga-zmones-vaikams\/\" \/>\n<meta property=\"og:site_name\" content=\"Sekimo\u012franga.eu\" \/>\n<meta property=\"article:publisher\" content=\"https:\/\/www.facebook.com\/sekimoiranga\/\" \/>\n<meta property=\"article:modified_time\" content=\"2025-10-23T08:08:53+00:00\" \/>\n<meta property=\"og:image\" content=\"https:\/\/sekimoiranga.eu\/wp-content\/uploads\/2022\/01\/318-1.jpg\" \/>\n\t<meta property=\"og:image:width\" content=\"800\" \/>\n\t<meta property=\"og:image:height\" content=\"800\" \/>\n\t<meta property=\"og:image:type\" content=\"image\/jpeg\" \/>\n<meta name=\"twitter:card\" content=\"summary_large_image\" \/>\n<meta name=\"twitter:label1\" content=\"Est. reading time\" \/>\n\t<meta name=\"twitter:data1\" content=\"4 minutit\" \/>\n<script type=\"application\/ld+json\" class=\"yoast-schema-graph\">{\"@context\":\"https:\\\/\\\/schema.org\",\"@graph\":[{\"@type\":\"WebPage\",\"@id\":\"https:\\\/\\\/sekimoiranga.eu\\\/ru\\\/\u043f\u0440\u043e\u0434\u0443\u043a\u0442\\\/gps-sekimo-iranga-zmones-vaikams\\\/\",\"url\":\"https:\\\/\\\/sekimoiranga.eu\\\/ru\\\/\u043f\u0440\u043e\u0434\u0443\u043a\u0442\\\/gps-sekimo-iranga-zmones-vaikams\\\/\",\"name\":\"GPS sekimo \u012franga \u017emon\u0117s vaikams\",\"isPartOf\":{\"@id\":\"https:\\\/\\\/sekimoiranga.eu\\\/#website\"},\"primaryImageOfPage\":{\"@id\":\"https:\\\/\\\/sekimoiranga.eu\\\/ru\\\/\u043f\u0440\u043e\u0434\u0443\u043a\u0442\\\/gps-sekimo-iranga-zmones-vaikams\\\/#primaryimage\"},\"image\":{\"@id\":\"https:\\\/\\\/sekimoiranga.eu\\\/ru\\\/\u043f\u0440\u043e\u0434\u0443\u043a\u0442\\\/gps-sekimo-iranga-zmones-vaikams\\\/#primaryimage\"},\"thumbnailUrl\":\"https:\\\/\\\/sekimoiranga.eu\\\/wp-content\\\/uploads\\\/2022\\\/01\\\/318-1.jpg\",\"datePublished\":\"2022-01-14T10:57:11+00:00\",\"dateModified\":\"2025-10-23T08:08:53+00:00\",\"breadcrumb\":{\"@id\":\"https:\\\/\\\/sekimoiranga.eu\\\/ru\\\/\u043f\u0440\u043e\u0434\u0443\u043a\u0442\\\/gps-sekimo-iranga-zmones-vaikams\\\/#breadcrumb\"},\"inLanguage\":\"et\",\"potentialAction\":[{\"@type\":\"ReadAction\",\"target\":[\"https:\\\/\\\/sekimoiranga.eu\\\/ru\\\/\u043f\u0440\u043e\u0434\u0443\u043a\u0442\\\/gps-sekimo-iranga-zmones-vaikams\\\/\"]}]},{\"@type\":\"ImageObject\",\"inLanguage\":\"et\",\"@id\":\"https:\\\/\\\/sekimoiranga.eu\\\/ru\\\/\u043f\u0440\u043e\u0434\u0443\u043a\u0442\\\/gps-sekimo-iranga-zmones-vaikams\\\/#primaryimage\",\"url\":\"https:\\\/\\\/sekimoiranga.eu\\\/wp-content\\\/uploads\\\/2022\\\/01\\\/318-1.jpg\",\"contentUrl\":\"https:\\\/\\\/sekimoiranga.eu\\\/wp-content\\\/uploads\\\/2022\\\/01\\\/318-1.jpg\",\"width\":800,\"height\":800},{\"@type\":\"BreadcrumbList\",\"@id\":\"https:\\\/\\\/sekimoiranga.eu\\\/ru\\\/\u043f\u0440\u043e\u0434\u0443\u043a\u0442\\\/gps-sekimo-iranga-zmones-vaikams\\\/#breadcrumb\",\"itemListElement\":[{\"@type\":\"ListItem\",\"position\":1,\"name\":\"Prad\u017eia\",\"item\":\"https:\\\/\\\/sekimoiranga.eu\\\/\"},{\"@type\":\"ListItem\",\"position\":2,\"name\":\"Parduotuv\u0117\",\"item\":\"https:\\\/\\\/sekimoiranga.eu\\\/pl\\\/parduotuve\\\/\"},{\"@type\":\"ListItem\",\"position\":3,\"name\":\"GPS sekimo \u012franga \u017emon\u0117s vaikams\"}]},{\"@type\":\"WebSite\",\"@id\":\"https:\\\/\\\/sekimoiranga.eu\\\/#website\",\"url\":\"https:\\\/\\\/sekimoiranga.eu\\\/\",\"name\":\"Sekimo\u012franga.eu\",\"description\":\"\",\"publisher\":{\"@id\":\"https:\\\/\\\/sekimoiranga.eu\\\/#organization\"},\"potentialAction\":[{\"@type\":\"SearchAction\",\"target\":{\"@type\":\"EntryPoint\",\"urlTemplate\":\"https:\\\/\\\/sekimoiranga.eu\\\/?s={search_term_string}\"},\"query-input\":{\"@type\":\"PropertyValueSpecification\",\"valueRequired\":true,\"valueName\":\"search_term_string\"}}],\"inLanguage\":\"et\"},{\"@type\":\"Organization\",\"@id\":\"https:\\\/\\\/sekimoiranga.eu\\\/#organization\",\"name\":\"Sekimo \u012eranga\",\"url\":\"https:\\\/\\\/sekimoiranga.eu\\\/\",\"logo\":{\"@type\":\"ImageObject\",\"inLanguage\":\"et\",\"@id\":\"https:\\\/\\\/sekimoiranga.eu\\\/#\\\/schema\\\/logo\\\/image\\\/\",\"url\":\"https:\\\/\\\/sekimoiranga.eu\\\/wp-content\\\/uploads\\\/2022\\\/01\\\/cropped-fav.png\",\"contentUrl\":\"https:\\\/\\\/sekimoiranga.eu\\\/wp-content\\\/uploads\\\/2022\\\/01\\\/cropped-fav.png\",\"width\":512,\"height\":512,\"caption\":\"Sekimo \u012eranga\"},\"image\":{\"@id\":\"https:\\\/\\\/sekimoiranga.eu\\\/#\\\/schema\\\/logo\\\/image\\\/\"},\"sameAs\":[\"https:\\\/\\\/www.facebook.com\\\/sekimoiranga\\\/\"]}]}<\/script>\n<!-- \/ Yoast SEO plugin. -->","yoast_head_json":{"title":"GPS j\u00e4lgimisseadmed lastele","robots":{"index":"index","follow":"follow","max-snippet":"max-snippet:-1","max-image-preview":"max-image-preview:large","max-video-preview":"max-video-preview:-1"},"canonical":"https:\/\/sekimoiranga.eu\/et\/\u043f\u0440\u043e\u0434\u0443\u043a\u0442\/gps-sekimo-iranga-zmones-vaikams\/","og_locale":"et_EE","og_type":"article","og_title":"GPS sekimo \u012franga \u017emon\u0117s vaikams","og_description":"Technin\u0117s savyb\u0117s Tinklai: GSM \/ GPRS Svoris gps seklio be d\u0117\u017eut\u0117s: 65g. I\u0161matavimai ilgis 7,8cm x plotis 3,8cm x storis 1,8cm Palaikomi da\u017eniai: 850\/900\/1800\/1900 MHz GPS mikroschema: SIRF3 lustas GPS jautrumas: 159 dBm GPS tikslumas: 5 m Baterja: 3.7V 1000mAh Baterijos bud\u0117jimo trukm\u0117: iki\u00a012 par\u0173 Steb\u0117jimas online: yra Sos mygtukas Pakalbi\u0173 pasiklausymas GSM pasiklausymo funkcija: [&hellip;]","og_url":"https:\/\/sekimoiranga.eu\/et\/\u043f\u0440\u043e\u0434\u0443\u043a\u0442\/gps-sekimo-iranga-zmones-vaikams\/","og_site_name":"Sekimo\u012franga.eu","article_publisher":"https:\/\/www.facebook.com\/sekimoiranga\/","article_modified_time":"2025-10-23T08:08:53+00:00","og_image":[{"width":800,"height":800,"url":"https:\/\/sekimoiranga.eu\/wp-content\/uploads\/2022\/01\/318-1.jpg","type":"image\/jpeg"}],"twitter_card":"summary_large_image","twitter_misc":{"Est. reading time":"4 minutit"},"schema":{"@context":"https:\/\/schema.org","@graph":[{"@type":"WebPage","@id":"https:\/\/sekimoiranga.eu\/ru\/\u043f\u0440\u043e\u0434\u0443\u043a\u0442\/gps-sekimo-iranga-zmones-vaikams\/","url":"https:\/\/sekimoiranga.eu\/ru\/\u043f\u0440\u043e\u0434\u0443\u043a\u0442\/gps-sekimo-iranga-zmones-vaikams\/","name":"GPS j\u00e4lgimisseadmed lastele","isPartOf":{"@id":"https:\/\/sekimoiranga.eu\/#website"},"primaryImageOfPage":{"@id":"https:\/\/sekimoiranga.eu\/ru\/\u043f\u0440\u043e\u0434\u0443\u043a\u0442\/gps-sekimo-iranga-zmones-vaikams\/#primaryimage"},"image":{"@id":"https:\/\/sekimoiranga.eu\/ru\/\u043f\u0440\u043e\u0434\u0443\u043a\u0442\/gps-sekimo-iranga-zmones-vaikams\/#primaryimage"},"thumbnailUrl":"https:\/\/sekimoiranga.eu\/wp-content\/uploads\/2022\/01\/318-1.jpg","datePublished":"2022-01-14T10:57:11+00:00","dateModified":"2025-10-23T08:08:53+00:00","breadcrumb":{"@id":"https:\/\/sekimoiranga.eu\/ru\/\u043f\u0440\u043e\u0434\u0443\u043a\u0442\/gps-sekimo-iranga-zmones-vaikams\/#breadcrumb"},"inLanguage":"et","potentialAction":[{"@type":"ReadAction","target":["https:\/\/sekimoiranga.eu\/ru\/\u043f\u0440\u043e\u0434\u0443\u043a\u0442\/gps-sekimo-iranga-zmones-vaikams\/"]}]},{"@type":"ImageObject","inLanguage":"et","@id":"https:\/\/sekimoiranga.eu\/ru\/\u043f\u0440\u043e\u0434\u0443\u043a\u0442\/gps-sekimo-iranga-zmones-vaikams\/#primaryimage","url":"https:\/\/sekimoiranga.eu\/wp-content\/uploads\/2022\/01\/318-1.jpg","contentUrl":"https:\/\/sekimoiranga.eu\/wp-content\/uploads\/2022\/01\/318-1.jpg","width":800,"height":800},{"@type":"BreadcrumbList","@id":"https:\/\/sekimoiranga.eu\/ru\/\u043f\u0440\u043e\u0434\u0443\u043a\u0442\/gps-sekimo-iranga-zmones-vaikams\/#breadcrumb","itemListElement":[{"@type":"ListItem","position":1,"name":"Prad\u017eia","item":"https:\/\/sekimoiranga.eu\/"},{"@type":"ListItem","position":2,"name":"Parduotuv\u0117","item":"https:\/\/sekimoiranga.eu\/pl\/parduotuve\/"},{"@type":"ListItem","position":3,"name":"GPS sekimo \u012franga \u017emon\u0117s vaikams"}]},{"@type":"WebSite","@id":"https:\/\/sekimoiranga.eu\/#website","url":"https:\/\/sekimoiranga.eu\/","name":"J\u00e4lgimisseadmed.eu","description":"","publisher":{"@id":"https:\/\/sekimoiranga.eu\/#organization"},"potentialAction":[{"@type":"SearchAction","target":{"@type":"EntryPoint","urlTemplate":"https:\/\/sekimoiranga.eu\/?s={search_term_string}"},"query-input":{"@type":"PropertyValueSpecification","valueRequired":true,"valueName":"search_term_string"}}],"inLanguage":"et"},{"@type":"Organization","@id":"https:\/\/sekimoiranga.eu\/#organization","name":"J\u00e4lgimisseadmed","url":"https:\/\/sekimoiranga.eu\/","logo":{"@type":"ImageObject","inLanguage":"et","@id":"https:\/\/sekimoiranga.eu\/#\/schema\/logo\/image\/","url":"https:\/\/sekimoiranga.eu\/wp-content\/uploads\/2022\/01\/cropped-fav.png","contentUrl":"https:\/\/sekimoiranga.eu\/wp-content\/uploads\/2022\/01\/cropped-fav.png","width":512,"height":512,"caption":"Sekimo \u012eranga"},"image":{"@id":"https:\/\/sekimoiranga.eu\/#\/schema\/logo\/image\/"},"sameAs":["https:\/\/www.facebook.com\/sekimoiranga\/"]}]}},"_links":{"self":[{"href":"https:\/\/sekimoiranga.eu\/et\/wp-json\/wp\/v2\/product\/219","targetHints":{"allow":["GET"]}}],"collection":[{"href":"https:\/\/sekimoiranga.eu\/et\/wp-json\/wp\/v2\/product"}],"about":[{"href":"https:\/\/sekimoiranga.eu\/et\/wp-json\/wp\/v2\/types\/product"}],"wp:featuredmedia":[{"embeddable":true,"href":"https:\/\/sekimoiranga.eu\/et\/wp-json\/wp\/v2\/media\/794"}],"wp:attachment":[{"href":"https:\/\/sekimoiranga.eu\/et\/wp-json\/wp\/v2\/media?parent=219"}],"wp:term":[{"taxonomy":"product_brand","embeddable":true,"href":"https:\/\/sekimoiranga.eu\/et\/wp-json\/wp\/v2\/product_brand?post=219"},{"taxonomy":"product_cat","embeddable":true,"href":"https:\/\/sekimoiranga.eu\/et\/wp-json\/wp\/v2\/product_cat?post=219"},{"taxonomy":"product_tag","embeddable":true,"href":"https:\/\/sekimoiranga.eu\/et\/wp-json\/wp\/v2\/product_tag?post=219"}],"curies":[{"name":"wp","href":"https:\/\/api.w.org\/{rel}","templated":true}]}}