{"id":60,"date":"2022-01-14T10:55:43","date_gmt":"2022-01-14T10:55:43","guid":{"rendered":"https:\/\/sekimoiranga.eu\/produktas\/wi-fi-modemas-su-slapta-kamera-naktinis-matymas\/"},"modified":"2023-03-06T14:34:01","modified_gmt":"2023-03-06T12:34:01","slug":"wi-fi-marsrutizaotius-su-imontuota-slapta-kamera-imitacija-modemo","status":"publish","type":"product","link":"https:\/\/sekimoiranga.eu\/et\/toode\/wi-fi-marsrutizaotius-su-imontuota-slapta-kamera-imitacija-modemo\/","title":{"rendered":"WI FI ruuter sisseehitatud salajase kaameraga (modemi imitatsioon)"},"content":{"rendered":"<h3><strong>Techniniai\u00a0parametrai:<\/strong><\/h3>\n<ul>\n<li>Atminties korteli\u0173 palaikymas: mikro SD \/ SDHC iki 32GB (ne\u012ftrauktas)<\/li>\n<li>Vaizdo \u012fra\u0161ymas su garsu<\/li>\n<li>\u012era\u0161ymo rai\u0161ka: pilnas HD 1920x1080px<\/li>\n<li>modemo imitacija<\/li>\n<li>Vaizdo formatas: AVI | 15fps<\/li>\n<li>Vaizdo rai\u0161ka: JPEG 1280 x\u00a0\u00a0720 px<\/li>\n<li>\u017di\u016br\u0117jimo kampas: 120 \u00b0<\/li>\n<li>Garsas: mikrofonas su triuk\u0161mo slopinimo funkcija<\/li>\n<li>Prijungimo standartas: USB<\/li>\n<li>Naktinis matymas 6 metrai<\/li>\n<li>Steb\u0117jimas internetu gyvai ( per mob. Aplikacij\u0105)<\/li>\n<li>Jud\u0117sio daviklis<\/li>\n<li>Vaizdo \u012fra\u0161o pastovus \u012fra\u0161ymas ( ant vir\u0161aus)<\/li>\n<li>Vaizdo \u012fra\u0161o kodavimas : H264<\/li>\n<li>Komplektacija: Wifi kamera ( imitacija), micro SD korteli\u0173 skaitytuvas, usb kabelis, maitinimo blokelis<\/li>\n<li>I\u0161matavimai: 14,9 x15,4 x4,4 cm<\/li>\n<li><strong>Garantii 12 kuud<\/strong><\/li>\n<\/ul>\n<p>Kasutamine: Teie enda ja alaealiste laste ohutuse tagamiseks.<\/p>\n<p><strong>Mar\u0161rutizatoriuje u\u017emaskuota kamera su naktinio matymo funkcija<\/strong><\/p>\n<p>Namai \u2013 tai vieta, kurioje kiekvienas m\u016bs\u0173 nori jaustis saugiausiai. Mar\u0161rutizatoriuje u\u017emaskuota kamera \u2013 tai vienas palankiausi\u0173 pasirinkim\u0173,\u00a0 nepilname\u010diai vaikai ne\u012ftars, kad yra stebimi ir elgsis taip, tarsi b\u016bt\u0173 lik\u0119 vieni. \u0160iuolaikin\u0117s u\u017emaskuotos mini kameros pasi\u017eymi puikiomis technin\u0117mis savyb\u0117mis, tod\u0117l galima b\u016bti u\u017etikrintiems, kad tokios kameros naudojimas leis u\u017efiksuoti tikrai ai\u0161ki\u0105 informacij\u0105, kuri v\u0117liau gali pad\u0117ti priimti tam tikrus sprendimus.<\/p>\n<p><strong>Kokybi\u0161ki vaizdo \u012fra\u0161ai<\/strong><\/p>\n<p>Mar\u0161rutizatorius-slapta kamera vaizdo \u012fra\u0161us fiksuoja FULL HD 1920&#215;1080 px rai\u0161ka, tod\u0117l galite net neabejoti, kad \u012f kompiuter\u012f ar \u012f i\u0161man\u0173j\u012f \u012frengin\u012f perkelti vaizdai bus tikrai ai\u0161kiai suprantami. \u00a0Taip pat \u0161i kamera turi ir fotografavimo funkcij\u0105 \u2013 nuotraukos fiksuojamos 1280&#215;720 px rai\u0161ka. Kameros filmavimo kampas yra net 120 laipsni\u0173, tad visai nesvarbu, kur nuspr\u0119site pastatyti \u0161i\u0105 kamer\u0105, bet kuriuo atveju u\u017efiksuoti vaizdo \u012fra\u0161ai bus tikrai ai\u0161k\u016bs. Palanku ir tai, kad mar\u0161rutizatorius- kamera turi naktinio matymo funkcij\u0105 \u2013 vaizdo \u012fra\u0161ai bei nuotraukos gali b\u016bti fiksuojami i\u0161 ne didesnio nei 6 metr\u0173 atstumo.<\/p>\n<p><strong>Triuk\u0161mo slopinimo funkcija<\/strong><\/p>\n<p>Nors kai kurios kameros geba \u012fra\u0161yti tik begarsius vaizdus, ta\u010diau to ne visuomet pakanka. Kai siekiama gauti kiek \u012fmanoma daugiau informacijos, kas vyksta namuose, kol j\u016bs esate i\u0161\u0117j\u0119. Vis d\u0117lto, mar\u0161rutizatorius-u\u017emaskuota kamera tikrai gali puikiai pasiteisinti: \u0161is \u012frenginys turi triuk\u0161mo slopinimo funkcij\u0105, tod\u0117l bus suprantama ne tik vaizdin\u0117, bet taip pat ir garsin\u0117 informacija.<\/p>\n<p><strong>Patogi vaizdo \u012fra\u0161\u0173 per\u017ei\u016bra<\/strong><\/p>\n<p>Mar\u0161rutizatorius Wi fi\u00a0 su kamera palaiko iki 32 GB talpos micro SD\/SDHC korteles (komplekte n\u0117ra), tod\u0117l j\u016bs galite pasirinkti geriausiai j\u016bs\u0173 poreikius atitinkan\u010di\u0105 laikmenos atmint\u012f. Vaizdo \u012fra\u0161ai gali b\u016bti nuolat fiksuojami (jei atminties kortel\u0117je pritr\u016bkt\u0173 talpos, nauji \u012fra\u0161ai bus fiksuojami vietoj pa\u010di\u0173 seniausi\u0173). Kortel\u0117je i\u0161saugot\u0105 informacij\u0105 gal\u0117site perkelti \u012f kompiuter\u012f naudodamiesi USB jungtimi, tod\u0117l tai nesudarys joki\u0173 nepatogum\u0173 (taip pat \u0161io prietaiso komplekte yra ir micro SD korteli\u0173 skaitytuvas). Jei d\u0117l tam tikr\u0173 prie\u017eas\u010di\u0173 negalite laukti, ir fiksuojamus vaizdo \u012fra\u0161us norite per\u017ei\u016br\u0117ti kiek \u012fmanoma grei\u010diau, tur\u0117site galimyb\u0119 fiksuojamus \u012fra\u0161us steb\u0117ti gyvai: tereik\u0117s \u012fsidiegti mobili\u0105j\u0105 program\u0117l\u0119, ir bet kuriuo metu gal\u0117site pasidom\u0117ti, kas \u0161iuo metu vyksta j\u016bs\u0173 namuose.<\/p>\n<p><strong>Kamera su judesio davikliu<\/strong><\/p>\n<p>Kamera turi judesio davikl\u012f, tod\u0117l vaizdo \u012fra\u0161\u0173 fiksavimas gali b\u016bti pradedamas tik tada, kai patalpoje kas nors yra. Tai padeda i\u0161vengti tu\u0161\u010di\u0173 \u012fra\u0161\u0173 bei gerokai palengvina u\u017efiksuot\u0173 vaizd\u0173 per\u017ei\u016br\u0105, taigi, jei siekiate, kad\u00a0 \u012fra\u0161\u0173 fiksavimas pareikalaut\u0173 kiek \u012fmanoma ma\u017eiau pastang\u0173, toks pasirinkimas gali b\u016bti vienas palankiausi\u0173.<\/p>\n<p><strong>Kita svarbi informacija<\/strong><\/p>\n<p>Mar\u0161rutizatorius yra 14,9&#215;15,4&#215;4,4 cm matmen\u0173, o \u0161io \u012frenginio i\u0161vaizda niekuo nesiskiria nuo \u012fprasto buityje naudojamo mar\u0161rutizatoriaus. \u0160is prietaisas da\u017eniausiai yra pritaikomas namuose, kada norima steb\u0117ti aukl\u0119 ar kitus \u012f namus ateinan\u010dius asmenis, ta\u010diau taip pat \u0161is \u012frenginys puikiai pasiteisina ir tada, jei siekiama \u012fsitikinti darbuotoj\u0173 patikimumu. Prietaiso komplektacij\u0105 sudaro mar\u0161rutizatoriaus imitacija, micro SD korteli\u0173 skaitytuvas, USB laidas bei maitinimo kabelis. \u0160iandien \u0161i\u00a0 kamera yra si\u016bloma tikrai palankia kaina, o \u012fsigytam \u012frenginiui taip pat yra teikiama garantija.<\/p>","protected":false},"excerpt":{"rendered":"<p>Techniniai\u00a0parametrai: Atminties korteli\u0173 palaikymas: mikro SD \/ SDHC iki 32GB (ne\u012ftrauktas) Vaizdo \u012fra\u0161ymas su garsu \u012era\u0161ymo rai\u0161ka: pilnas HD 1920x1080px modemo imitacija Vaizdo formatas: AVI | 15fps Vaizdo rai\u0161ka: JPEG 1280 x\u00a0\u00a0720 px \u017di\u016br\u0117jimo kampas: 120 \u00b0 Garsas: mikrofonas su triuk\u0161mo slopinimo funkcija Prijungimo standartas: USB Naktinis matymas 6 metrai Steb\u0117jimas internetu gyvai ( per [&hellip;]<\/p>","protected":false},"featured_media":453,"template":"","meta":[],"product_brand":[],"product_cat":[17,32,33],"product_tag":[],"class_list":{"0":"post-60","1":"product","2":"type-product","3":"status-publish","4":"has-post-thumbnail","6":"product_cat-slaptos-kameros","7":"product_cat-uzmaskuotos-kameros","8":"product_cat-uzmaskuotos-kameros-wi-fi","10":"first","11":"instock","12":"taxable","13":"shipping-taxable","14":"purchasable","15":"product-type-simple"},"yoast_head":"<!-- This site is optimized with the Yoast SEO plugin v27.5 - https:\/\/yoast.com\/product\/yoast-seo-wordpress\/ -->\n<title>WI FI mar\u0161rutizaotius su \u012fmontuota slapta kamera ( imitacija modemo )<\/title>\n<meta name=\"robots\" content=\"index, follow, max-snippet:-1, max-image-preview:large, max-video-preview:-1\" \/>\n<link rel=\"canonical\" href=\"https:\/\/sekimoiranga.eu\/et\/\u043f\u0440\u043e\u0434\u0443\u043a\u0442\/wi-fi-marsrutizaotius-su-imontuota-slapta-kamera-imitacija-modemo\/\" \/>\n<meta property=\"og:locale\" content=\"et_EE\" \/>\n<meta property=\"og:type\" content=\"article\" \/>\n<meta property=\"og:title\" content=\"WI FI mar\u0161rutizaotius su \u012fmontuota slapta kamera ( imitacija modemo )\" \/>\n<meta property=\"og:description\" content=\"Techniniai\u00a0parametrai: Atminties korteli\u0173 palaikymas: mikro SD \/ SDHC iki 32GB (ne\u012ftrauktas) Vaizdo \u012fra\u0161ymas su garsu \u012era\u0161ymo rai\u0161ka: pilnas HD 1920x1080px modemo imitacija Vaizdo formatas: AVI | 15fps Vaizdo rai\u0161ka: JPEG 1280 x\u00a0\u00a0720 px \u017di\u016br\u0117jimo kampas: 120 \u00b0 Garsas: mikrofonas su triuk\u0161mo slopinimo funkcija Prijungimo standartas: USB Naktinis matymas 6 metrai Steb\u0117jimas internetu gyvai ( per [&hellip;]\" \/>\n<meta property=\"og:url\" content=\"https:\/\/sekimoiranga.eu\/et\/\u043f\u0440\u043e\u0434\u0443\u043a\u0442\/wi-fi-marsrutizaotius-su-imontuota-slapta-kamera-imitacija-modemo\/\" \/>\n<meta property=\"og:site_name\" content=\"Sekimo\u012franga.eu\" \/>\n<meta property=\"article:publisher\" content=\"https:\/\/www.facebook.com\/sekimoiranga\/\" \/>\n<meta property=\"article:modified_time\" content=\"2023-03-06T12:34:01+00:00\" \/>\n<meta property=\"og:image\" content=\"https:\/\/sekimoiranga.eu\/wp-content\/uploads\/2022\/01\/684-1.jpg\" \/>\n\t<meta property=\"og:image:width\" content=\"800\" \/>\n\t<meta property=\"og:image:height\" content=\"800\" \/>\n\t<meta property=\"og:image:type\" content=\"image\/jpeg\" \/>\n<meta name=\"twitter:card\" content=\"summary_large_image\" \/>\n<meta name=\"twitter:label1\" content=\"Est. reading time\" \/>\n\t<meta name=\"twitter:data1\" content=\"3 minutit\" \/>\n<script type=\"application\/ld+json\" class=\"yoast-schema-graph\">{\"@context\":\"https:\\\/\\\/schema.org\",\"@graph\":[{\"@type\":\"WebPage\",\"@id\":\"https:\\\/\\\/sekimoiranga.eu\\\/ru\\\/\u043f\u0440\u043e\u0434\u0443\u043a\u0442\\\/wi-fi-marsrutizaotius-su-imontuota-slapta-kamera-imitacija-modemo\\\/\",\"url\":\"https:\\\/\\\/sekimoiranga.eu\\\/ru\\\/\u043f\u0440\u043e\u0434\u0443\u043a\u0442\\\/wi-fi-marsrutizaotius-su-imontuota-slapta-kamera-imitacija-modemo\\\/\",\"name\":\"WI FI mar\u0161rutizaotius su \u012fmontuota slapta kamera ( imitacija modemo )\",\"isPartOf\":{\"@id\":\"https:\\\/\\\/sekimoiranga.eu\\\/#website\"},\"primaryImageOfPage\":{\"@id\":\"https:\\\/\\\/sekimoiranga.eu\\\/ru\\\/\u043f\u0440\u043e\u0434\u0443\u043a\u0442\\\/wi-fi-marsrutizaotius-su-imontuota-slapta-kamera-imitacija-modemo\\\/#primaryimage\"},\"image\":{\"@id\":\"https:\\\/\\\/sekimoiranga.eu\\\/ru\\\/\u043f\u0440\u043e\u0434\u0443\u043a\u0442\\\/wi-fi-marsrutizaotius-su-imontuota-slapta-kamera-imitacija-modemo\\\/#primaryimage\"},\"thumbnailUrl\":\"https:\\\/\\\/sekimoiranga.eu\\\/wp-content\\\/uploads\\\/2022\\\/01\\\/684-1.jpg\",\"datePublished\":\"2022-01-14T10:55:43+00:00\",\"dateModified\":\"2023-03-06T12:34:01+00:00\",\"breadcrumb\":{\"@id\":\"https:\\\/\\\/sekimoiranga.eu\\\/ru\\\/\u043f\u0440\u043e\u0434\u0443\u043a\u0442\\\/wi-fi-marsrutizaotius-su-imontuota-slapta-kamera-imitacija-modemo\\\/#breadcrumb\"},\"inLanguage\":\"et\",\"potentialAction\":[{\"@type\":\"ReadAction\",\"target\":[\"https:\\\/\\\/sekimoiranga.eu\\\/ru\\\/\u043f\u0440\u043e\u0434\u0443\u043a\u0442\\\/wi-fi-marsrutizaotius-su-imontuota-slapta-kamera-imitacija-modemo\\\/\"]}]},{\"@type\":\"ImageObject\",\"inLanguage\":\"et\",\"@id\":\"https:\\\/\\\/sekimoiranga.eu\\\/ru\\\/\u043f\u0440\u043e\u0434\u0443\u043a\u0442\\\/wi-fi-marsrutizaotius-su-imontuota-slapta-kamera-imitacija-modemo\\\/#primaryimage\",\"url\":\"https:\\\/\\\/sekimoiranga.eu\\\/wp-content\\\/uploads\\\/2022\\\/01\\\/684-1.jpg\",\"contentUrl\":\"https:\\\/\\\/sekimoiranga.eu\\\/wp-content\\\/uploads\\\/2022\\\/01\\\/684-1.jpg\",\"width\":800,\"height\":800},{\"@type\":\"BreadcrumbList\",\"@id\":\"https:\\\/\\\/sekimoiranga.eu\\\/ru\\\/\u043f\u0440\u043e\u0434\u0443\u043a\u0442\\\/wi-fi-marsrutizaotius-su-imontuota-slapta-kamera-imitacija-modemo\\\/#breadcrumb\",\"itemListElement\":[{\"@type\":\"ListItem\",\"position\":1,\"name\":\"Prad\u017eia\",\"item\":\"https:\\\/\\\/sekimoiranga.eu\\\/\"},{\"@type\":\"ListItem\",\"position\":2,\"name\":\"Parduotuv\u0117\",\"item\":\"https:\\\/\\\/sekimoiranga.eu\\\/pl\\\/parduotuve\\\/\"},{\"@type\":\"ListItem\",\"position\":3,\"name\":\"WI FI mar\u0161rutizaotius su \u012fmontuota slapta kamera ( imitacija modemo )\"}]},{\"@type\":\"WebSite\",\"@id\":\"https:\\\/\\\/sekimoiranga.eu\\\/#website\",\"url\":\"https:\\\/\\\/sekimoiranga.eu\\\/\",\"name\":\"Sekimo\u012franga.eu\",\"description\":\"\",\"publisher\":{\"@id\":\"https:\\\/\\\/sekimoiranga.eu\\\/#organization\"},\"potentialAction\":[{\"@type\":\"SearchAction\",\"target\":{\"@type\":\"EntryPoint\",\"urlTemplate\":\"https:\\\/\\\/sekimoiranga.eu\\\/?s={search_term_string}\"},\"query-input\":{\"@type\":\"PropertyValueSpecification\",\"valueRequired\":true,\"valueName\":\"search_term_string\"}}],\"inLanguage\":\"et\"},{\"@type\":\"Organization\",\"@id\":\"https:\\\/\\\/sekimoiranga.eu\\\/#organization\",\"name\":\"Sekimo \u012eranga\",\"url\":\"https:\\\/\\\/sekimoiranga.eu\\\/\",\"logo\":{\"@type\":\"ImageObject\",\"inLanguage\":\"et\",\"@id\":\"https:\\\/\\\/sekimoiranga.eu\\\/#\\\/schema\\\/logo\\\/image\\\/\",\"url\":\"https:\\\/\\\/sekimoiranga.eu\\\/wp-content\\\/uploads\\\/2022\\\/01\\\/cropped-fav.png\",\"contentUrl\":\"https:\\\/\\\/sekimoiranga.eu\\\/wp-content\\\/uploads\\\/2022\\\/01\\\/cropped-fav.png\",\"width\":512,\"height\":512,\"caption\":\"Sekimo \u012eranga\"},\"image\":{\"@id\":\"https:\\\/\\\/sekimoiranga.eu\\\/#\\\/schema\\\/logo\\\/image\\\/\"},\"sameAs\":[\"https:\\\/\\\/www.facebook.com\\\/sekimoiranga\\\/\"]}]}<\/script>\n<!-- \/ Yoast SEO plugin. -->","yoast_head_json":{"title":"WI FI ruuter sisseehitatud salajase kaameraga (modemi imitatsioon)","robots":{"index":"index","follow":"follow","max-snippet":"max-snippet:-1","max-image-preview":"max-image-preview:large","max-video-preview":"max-video-preview:-1"},"canonical":"https:\/\/sekimoiranga.eu\/et\/\u043f\u0440\u043e\u0434\u0443\u043a\u0442\/wi-fi-marsrutizaotius-su-imontuota-slapta-kamera-imitacija-modemo\/","og_locale":"et_EE","og_type":"article","og_title":"WI FI mar\u0161rutizaotius su \u012fmontuota slapta kamera ( imitacija modemo )","og_description":"Techniniai\u00a0parametrai: Atminties korteli\u0173 palaikymas: mikro SD \/ SDHC iki 32GB (ne\u012ftrauktas) Vaizdo \u012fra\u0161ymas su garsu \u012era\u0161ymo rai\u0161ka: pilnas HD 1920x1080px modemo imitacija Vaizdo formatas: AVI | 15fps Vaizdo rai\u0161ka: JPEG 1280 x\u00a0\u00a0720 px \u017di\u016br\u0117jimo kampas: 120 \u00b0 Garsas: mikrofonas su triuk\u0161mo slopinimo funkcija Prijungimo standartas: USB Naktinis matymas 6 metrai Steb\u0117jimas internetu gyvai ( per [&hellip;]","og_url":"https:\/\/sekimoiranga.eu\/et\/\u043f\u0440\u043e\u0434\u0443\u043a\u0442\/wi-fi-marsrutizaotius-su-imontuota-slapta-kamera-imitacija-modemo\/","og_site_name":"Sekimo\u012franga.eu","article_publisher":"https:\/\/www.facebook.com\/sekimoiranga\/","article_modified_time":"2023-03-06T12:34:01+00:00","og_image":[{"width":800,"height":800,"url":"https:\/\/sekimoiranga.eu\/wp-content\/uploads\/2022\/01\/684-1.jpg","type":"image\/jpeg"}],"twitter_card":"summary_large_image","twitter_misc":{"Est. reading time":"3 minutit"},"schema":{"@context":"https:\/\/schema.org","@graph":[{"@type":"WebPage","@id":"https:\/\/sekimoiranga.eu\/ru\/\u043f\u0440\u043e\u0434\u0443\u043a\u0442\/wi-fi-marsrutizaotius-su-imontuota-slapta-kamera-imitacija-modemo\/","url":"https:\/\/sekimoiranga.eu\/ru\/\u043f\u0440\u043e\u0434\u0443\u043a\u0442\/wi-fi-marsrutizaotius-su-imontuota-slapta-kamera-imitacija-modemo\/","name":"WI FI ruuter sisseehitatud salajase kaameraga (modemi imitatsioon)","isPartOf":{"@id":"https:\/\/sekimoiranga.eu\/#website"},"primaryImageOfPage":{"@id":"https:\/\/sekimoiranga.eu\/ru\/\u043f\u0440\u043e\u0434\u0443\u043a\u0442\/wi-fi-marsrutizaotius-su-imontuota-slapta-kamera-imitacija-modemo\/#primaryimage"},"image":{"@id":"https:\/\/sekimoiranga.eu\/ru\/\u043f\u0440\u043e\u0434\u0443\u043a\u0442\/wi-fi-marsrutizaotius-su-imontuota-slapta-kamera-imitacija-modemo\/#primaryimage"},"thumbnailUrl":"https:\/\/sekimoiranga.eu\/wp-content\/uploads\/2022\/01\/684-1.jpg","datePublished":"2022-01-14T10:55:43+00:00","dateModified":"2023-03-06T12:34:01+00:00","breadcrumb":{"@id":"https:\/\/sekimoiranga.eu\/ru\/\u043f\u0440\u043e\u0434\u0443\u043a\u0442\/wi-fi-marsrutizaotius-su-imontuota-slapta-kamera-imitacija-modemo\/#breadcrumb"},"inLanguage":"et","potentialAction":[{"@type":"ReadAction","target":["https:\/\/sekimoiranga.eu\/ru\/\u043f\u0440\u043e\u0434\u0443\u043a\u0442\/wi-fi-marsrutizaotius-su-imontuota-slapta-kamera-imitacija-modemo\/"]}]},{"@type":"ImageObject","inLanguage":"et","@id":"https:\/\/sekimoiranga.eu\/ru\/\u043f\u0440\u043e\u0434\u0443\u043a\u0442\/wi-fi-marsrutizaotius-su-imontuota-slapta-kamera-imitacija-modemo\/#primaryimage","url":"https:\/\/sekimoiranga.eu\/wp-content\/uploads\/2022\/01\/684-1.jpg","contentUrl":"https:\/\/sekimoiranga.eu\/wp-content\/uploads\/2022\/01\/684-1.jpg","width":800,"height":800},{"@type":"BreadcrumbList","@id":"https:\/\/sekimoiranga.eu\/ru\/\u043f\u0440\u043e\u0434\u0443\u043a\u0442\/wi-fi-marsrutizaotius-su-imontuota-slapta-kamera-imitacija-modemo\/#breadcrumb","itemListElement":[{"@type":"ListItem","position":1,"name":"Prad\u017eia","item":"https:\/\/sekimoiranga.eu\/"},{"@type":"ListItem","position":2,"name":"Parduotuv\u0117","item":"https:\/\/sekimoiranga.eu\/pl\/parduotuve\/"},{"@type":"ListItem","position":3,"name":"WI FI mar\u0161rutizaotius su \u012fmontuota slapta kamera ( imitacija modemo )"}]},{"@type":"WebSite","@id":"https:\/\/sekimoiranga.eu\/#website","url":"https:\/\/sekimoiranga.eu\/","name":"J\u00e4lgimisseadmed.eu","description":"","publisher":{"@id":"https:\/\/sekimoiranga.eu\/#organization"},"potentialAction":[{"@type":"SearchAction","target":{"@type":"EntryPoint","urlTemplate":"https:\/\/sekimoiranga.eu\/?s={search_term_string}"},"query-input":{"@type":"PropertyValueSpecification","valueRequired":true,"valueName":"search_term_string"}}],"inLanguage":"et"},{"@type":"Organization","@id":"https:\/\/sekimoiranga.eu\/#organization","name":"J\u00e4lgimisseadmed","url":"https:\/\/sekimoiranga.eu\/","logo":{"@type":"ImageObject","inLanguage":"et","@id":"https:\/\/sekimoiranga.eu\/#\/schema\/logo\/image\/","url":"https:\/\/sekimoiranga.eu\/wp-content\/uploads\/2022\/01\/cropped-fav.png","contentUrl":"https:\/\/sekimoiranga.eu\/wp-content\/uploads\/2022\/01\/cropped-fav.png","width":512,"height":512,"caption":"Sekimo \u012eranga"},"image":{"@id":"https:\/\/sekimoiranga.eu\/#\/schema\/logo\/image\/"},"sameAs":["https:\/\/www.facebook.com\/sekimoiranga\/"]}]}},"_links":{"self":[{"href":"https:\/\/sekimoiranga.eu\/et\/wp-json\/wp\/v2\/product\/60","targetHints":{"allow":["GET"]}}],"collection":[{"href":"https:\/\/sekimoiranga.eu\/et\/wp-json\/wp\/v2\/product"}],"about":[{"href":"https:\/\/sekimoiranga.eu\/et\/wp-json\/wp\/v2\/types\/product"}],"wp:featuredmedia":[{"embeddable":true,"href":"https:\/\/sekimoiranga.eu\/et\/wp-json\/wp\/v2\/media\/453"}],"wp:attachment":[{"href":"https:\/\/sekimoiranga.eu\/et\/wp-json\/wp\/v2\/media?parent=60"}],"wp:term":[{"taxonomy":"product_brand","embeddable":true,"href":"https:\/\/sekimoiranga.eu\/et\/wp-json\/wp\/v2\/product_brand?post=60"},{"taxonomy":"product_cat","embeddable":true,"href":"https:\/\/sekimoiranga.eu\/et\/wp-json\/wp\/v2\/product_cat?post=60"},{"taxonomy":"product_tag","embeddable":true,"href":"https:\/\/sekimoiranga.eu\/et\/wp-json\/wp\/v2\/product_tag?post=60"}],"curies":[{"name":"wp","href":"https:\/\/api.w.org\/{rel}","templated":true}]}}