{"id":92,"date":"2022-01-14T10:56:07","date_gmt":"2022-01-14T10:56:07","guid":{"rendered":"https:\/\/sekimoiranga.eu\/produktas\/slapta-kamera-full-hd-uzmaskuota-automobiliniame-rakte\/"},"modified":"2023-03-20T13:22:30","modified_gmt":"2023-03-20T11:22:30","slug":"auto-raktas-su-imontuota-slapta-kamera-full-hd","status":"publish","type":"product","link":"https:\/\/sekimoiranga.eu\/et\/toode\/auto-raktas-su-imontuota-slapta-kamera-full-hd\/","title":{"rendered":"Auto raktas su \u012fmontuota slapta kamera FULL HD"},"content":{"rendered":"<h3><strong>Techniniai\u00a0parametrai:<\/strong><\/h3>\n<ul>\n<li>Atminties korteli\u0173 palaikymas: mikro SD \/ SDHC iki 32GB (ne\u012ftrauktas)<\/li>\n<li>Vaizdo \u012fra\u0161ymas su garsu<\/li>\n<li>\u012era\u0161ymo rai\u0161ka: pilnas HD 1920x1080px<\/li>\n<li>Vaizdo formatas: AVI | 20fps<\/li>\n<li>Vaizdo rai\u0161ka: JPEG 2560 x 1440 px<\/li>\n<li>\u017di\u016br\u0117jimo kampas: 60 \u00b0<\/li>\n<li>Garsas: mikrofonas su triuk\u0161mo slopinimo funkcija<\/li>\n<li>Prijungimo standartas: USB<\/li>\n<li>\u012ekraunama baterija: 3.6V 450mAh<\/li>\n<li>Akumuliatoriaus tarnavimo laikas: apie 70 minu\u010di\u0173<\/li>\n<li>Suderinamumas: \u201eWindows , Mac OS\u201c<\/li>\n<li>Darbo temperat\u016bra: -10 \u00b0 C ~ 60 \u00b0 C<\/li>\n<li>Spalva: BLACK (juoda)<\/li>\n<li>Korpusas: Metalinis<\/li>\n<li>\u00a0Komplektacija: raktas su fotoaparatu, USB kabelis, instrukcija<\/li>\n<li><strong>Garantii 12 kuud<\/strong><\/li>\n<\/ul>\n<p>Kasutamine: Teie enda ja alaealiste laste ohutuse tagamiseks.<\/p>\n<p><strong>Ne tik vaizdo \u012fra\u0161\u0173, bet ir nuotrauk\u0173 fiksavimas<\/strong><\/p>\n<p>Slapta kamera-automobilinis raktas leid\u017eia fiksuoti ne tik vaizdo \u012fra\u0161us, bet taip pat ir nuotraukas: vaizdo \u012fra\u0161\u0173 rai\u0161ka yra FULL HD 1920&#215;1080 px, o nuotraukos \u012fra\u0161omos JPEG formatu 2560&#215;1440 px rai\u0161ka. Nuotraukos ir vaizdo \u012fra\u0161ai yra saugomi micro SD\/SDHC kortel\u0117je, kurios talpa gali b\u016bti net iki 32 GB (komplekte n\u0117ra). Patogus kameros valdymas leid\u017eia u\u017efiksuoti vaizdo \u012fra\u0161us bei nuotraukas b\u016btent tada, kai to labiausiai reikia, o v\u0117liau i\u0161saugot\u0105 informacij\u0105 galima perkelti \u012f kompiuter\u012f. Naudojantis USB jungtimi\u00a0 gal\u0117site greitai ir paprastai perkelti vaizdo \u012fra\u0161us bei nuotraukas, ir \u0161i\u0105 informacij\u0105 gal\u0117site per\u017ei\u016br\u0117ti bet kuriuo jums patogiu metu. Slapta kamera-automobilis raktas yra suderinama su \u201eMindows\u201c ir \u201eMac OS\u201c operacin\u0117mis sistemomis, tod\u0117l informacijos perk\u0117limas tikrai nesudarys joki\u0173 keblum\u0173.<\/p>\n<p><strong>U\u017etikrinama vaizdo \u012fra\u0161\u0173 kokyb\u0117<\/strong><\/p>\n<p>Slapta kamera-automobilinis raktas yra labai nedidelis \u012frenginys, ta\u010diau jis u\u017etikrina, kad vaizdo \u012fra\u0161\u0173 kokyb\u0117 bus tiesiog nepriekai\u0161tinga. Slapta kamera filmuoja 60 laipsni\u0173 kampu, tod\u0117l jums nereik\u0117s r\u016bpintis, ar kamera bus pad\u0117ta tinkamu rakursu, ir gal\u0117s u\u017efiksuoti ai\u0161kiai suprantamus vaizdo \u012fra\u0161us. Palanku yra tai, kad \u0161ios kameros mikrofonas turi triuk\u0161mo slopinimo funkcij\u0105, tod\u0117l vaizdo \u012fra\u0161ai yra u\u017efiksuojami su ai\u0161kia garsine informacija.<\/p>\n<p><strong>Slaptos kameros baterija<\/strong><\/p>\n<p>Automobilinis raktas-slapta kamera turi 3,6 V 450 mAh baterij\u0105, kurios veikimo laikas yra apie 70 minu\u010di\u0173. Jei esate numat\u0119, kad tam tikru metu gal\u0117site u\u017efiksuoti jus dominan\u010di\u0105 informacij\u0105, papras\u010diausiai gal\u0117site pad\u0117ti \u0161i\u0105 slapt\u0105 kamer\u0105 tam tikroje patalpos vietoje, ir gal\u0117site prad\u0117ti filmavim\u0105. Slaptos kameros naudojimas kartais praver\u010dia ir tada, kai siekiama surinkti neleistinos veiklos \u012fkal\u010dius, tod\u0117l \u0161i\u0105 slapt\u0105 kamer\u0105 gal\u0117site naudoti ir tada, kai patys b\u016bsite patalpoje.<\/p>","protected":false},"excerpt":{"rendered":"<p>Techniniai\u00a0parametrai: Atminties korteli\u0173 palaikymas: mikro SD \/ SDHC iki 32GB (ne\u012ftrauktas) Vaizdo \u012fra\u0161ymas su garsu \u012era\u0161ymo rai\u0161ka: pilnas HD 1920x1080px Vaizdo formatas: AVI | 20fps Vaizdo rai\u0161ka: JPEG 2560 x 1440 px \u017di\u016br\u0117jimo kampas: 60 \u00b0 Garsas: mikrofonas su triuk\u0161mo slopinimo funkcija Prijungimo standartas: USB \u012ekraunama baterija: 3.6V 450mAh Akumuliatoriaus tarnavimo laikas: apie 70 minu\u010di\u0173 [&hellip;]<\/p>","protected":false},"featured_media":541,"template":"","meta":[],"product_brand":[],"product_cat":[17],"product_tag":[],"class_list":{"0":"post-92","1":"product","2":"type-product","3":"status-publish","4":"has-post-thumbnail","6":"product_cat-slaptos-kameros","8":"first","9":"instock","10":"taxable","11":"shipping-taxable","12":"purchasable","13":"product-type-simple"},"yoast_head":"<!-- This site is optimized with the Yoast SEO plugin v27.3 - https:\/\/yoast.com\/product\/yoast-seo-wordpress\/ -->\n<title>Auto raktas su \u012fmontuota slapta kamera FULL HD<\/title>\n<meta name=\"robots\" content=\"index, follow, max-snippet:-1, max-image-preview:large, max-video-preview:-1\" \/>\n<link rel=\"canonical\" href=\"https:\/\/sekimoiranga.eu\/et\/\u043f\u0440\u043e\u0434\u0443\u043a\u0442\/auto-raktas-su-imontuota-slapta-kamera-full-hd\/\" \/>\n<meta property=\"og:locale\" content=\"et_EE\" \/>\n<meta property=\"og:type\" content=\"article\" \/>\n<meta property=\"og:title\" content=\"Auto raktas su \u012fmontuota slapta kamera FULL HD\" \/>\n<meta property=\"og:description\" content=\"Techniniai\u00a0parametrai: Atminties korteli\u0173 palaikymas: mikro SD \/ SDHC iki 32GB (ne\u012ftrauktas) Vaizdo \u012fra\u0161ymas su garsu \u012era\u0161ymo rai\u0161ka: pilnas HD 1920x1080px Vaizdo formatas: AVI | 20fps Vaizdo rai\u0161ka: JPEG 2560 x 1440 px \u017di\u016br\u0117jimo kampas: 60 \u00b0 Garsas: mikrofonas su triuk\u0161mo slopinimo funkcija Prijungimo standartas: USB \u012ekraunama baterija: 3.6V 450mAh Akumuliatoriaus tarnavimo laikas: apie 70 minu\u010di\u0173 [&hellip;]\" \/>\n<meta property=\"og:url\" content=\"https:\/\/sekimoiranga.eu\/et\/\u043f\u0440\u043e\u0434\u0443\u043a\u0442\/auto-raktas-su-imontuota-slapta-kamera-full-hd\/\" \/>\n<meta property=\"og:site_name\" content=\"Sekimo\u012franga.eu\" \/>\n<meta property=\"article:publisher\" content=\"https:\/\/www.facebook.com\/sekimoiranga\/\" \/>\n<meta property=\"article:modified_time\" content=\"2023-03-20T11:22:30+00:00\" \/>\n<meta property=\"og:image\" content=\"https:\/\/sekimoiranga.eu\/wp-content\/uploads\/2022\/01\/667-1.jpg\" \/>\n\t<meta property=\"og:image:width\" content=\"833\" \/>\n\t<meta property=\"og:image:height\" content=\"689\" \/>\n\t<meta property=\"og:image:type\" content=\"image\/jpeg\" \/>\n<meta name=\"twitter:card\" content=\"summary_large_image\" \/>\n<meta name=\"twitter:label1\" content=\"Est. reading time\" \/>\n\t<meta name=\"twitter:data1\" content=\"2 minutit\" \/>\n<script type=\"application\/ld+json\" class=\"yoast-schema-graph\">{\"@context\":\"https:\\\/\\\/schema.org\",\"@graph\":[{\"@type\":\"WebPage\",\"@id\":\"https:\\\/\\\/sekimoiranga.eu\\\/ru\\\/\u043f\u0440\u043e\u0434\u0443\u043a\u0442\\\/auto-raktas-su-imontuota-slapta-kamera-full-hd\\\/\",\"url\":\"https:\\\/\\\/sekimoiranga.eu\\\/ru\\\/\u043f\u0440\u043e\u0434\u0443\u043a\u0442\\\/auto-raktas-su-imontuota-slapta-kamera-full-hd\\\/\",\"name\":\"Auto raktas su \u012fmontuota slapta kamera FULL HD\",\"isPartOf\":{\"@id\":\"https:\\\/\\\/sekimoiranga.eu\\\/#website\"},\"primaryImageOfPage\":{\"@id\":\"https:\\\/\\\/sekimoiranga.eu\\\/ru\\\/\u043f\u0440\u043e\u0434\u0443\u043a\u0442\\\/auto-raktas-su-imontuota-slapta-kamera-full-hd\\\/#primaryimage\"},\"image\":{\"@id\":\"https:\\\/\\\/sekimoiranga.eu\\\/ru\\\/\u043f\u0440\u043e\u0434\u0443\u043a\u0442\\\/auto-raktas-su-imontuota-slapta-kamera-full-hd\\\/#primaryimage\"},\"thumbnailUrl\":\"https:\\\/\\\/sekimoiranga.eu\\\/wp-content\\\/uploads\\\/2022\\\/01\\\/667-1.jpg\",\"datePublished\":\"2022-01-14T10:56:07+00:00\",\"dateModified\":\"2023-03-20T11:22:30+00:00\",\"breadcrumb\":{\"@id\":\"https:\\\/\\\/sekimoiranga.eu\\\/ru\\\/\u043f\u0440\u043e\u0434\u0443\u043a\u0442\\\/auto-raktas-su-imontuota-slapta-kamera-full-hd\\\/#breadcrumb\"},\"inLanguage\":\"et\",\"potentialAction\":[{\"@type\":\"ReadAction\",\"target\":[\"https:\\\/\\\/sekimoiranga.eu\\\/ru\\\/\u043f\u0440\u043e\u0434\u0443\u043a\u0442\\\/auto-raktas-su-imontuota-slapta-kamera-full-hd\\\/\"]}]},{\"@type\":\"ImageObject\",\"inLanguage\":\"et\",\"@id\":\"https:\\\/\\\/sekimoiranga.eu\\\/ru\\\/\u043f\u0440\u043e\u0434\u0443\u043a\u0442\\\/auto-raktas-su-imontuota-slapta-kamera-full-hd\\\/#primaryimage\",\"url\":\"https:\\\/\\\/sekimoiranga.eu\\\/wp-content\\\/uploads\\\/2022\\\/01\\\/667-1.jpg\",\"contentUrl\":\"https:\\\/\\\/sekimoiranga.eu\\\/wp-content\\\/uploads\\\/2022\\\/01\\\/667-1.jpg\",\"width\":833,\"height\":689},{\"@type\":\"BreadcrumbList\",\"@id\":\"https:\\\/\\\/sekimoiranga.eu\\\/ru\\\/\u043f\u0440\u043e\u0434\u0443\u043a\u0442\\\/auto-raktas-su-imontuota-slapta-kamera-full-hd\\\/#breadcrumb\",\"itemListElement\":[{\"@type\":\"ListItem\",\"position\":1,\"name\":\"Prad\u017eia\",\"item\":\"https:\\\/\\\/sekimoiranga.eu\\\/\"},{\"@type\":\"ListItem\",\"position\":2,\"name\":\"Parduotuv\u0117\",\"item\":\"https:\\\/\\\/sekimoiranga.eu\\\/pl\\\/parduotuve\\\/\"},{\"@type\":\"ListItem\",\"position\":3,\"name\":\"Auto raktas su \u012fmontuota slapta kamera FULL HD\"}]},{\"@type\":\"WebSite\",\"@id\":\"https:\\\/\\\/sekimoiranga.eu\\\/#website\",\"url\":\"https:\\\/\\\/sekimoiranga.eu\\\/\",\"name\":\"Sekimo\u012franga.eu\",\"description\":\"\",\"publisher\":{\"@id\":\"https:\\\/\\\/sekimoiranga.eu\\\/#organization\"},\"potentialAction\":[{\"@type\":\"SearchAction\",\"target\":{\"@type\":\"EntryPoint\",\"urlTemplate\":\"https:\\\/\\\/sekimoiranga.eu\\\/?s={search_term_string}\"},\"query-input\":{\"@type\":\"PropertyValueSpecification\",\"valueRequired\":true,\"valueName\":\"search_term_string\"}}],\"inLanguage\":\"et\"},{\"@type\":\"Organization\",\"@id\":\"https:\\\/\\\/sekimoiranga.eu\\\/#organization\",\"name\":\"Sekimo \u012eranga\",\"url\":\"https:\\\/\\\/sekimoiranga.eu\\\/\",\"logo\":{\"@type\":\"ImageObject\",\"inLanguage\":\"et\",\"@id\":\"https:\\\/\\\/sekimoiranga.eu\\\/#\\\/schema\\\/logo\\\/image\\\/\",\"url\":\"https:\\\/\\\/sekimoiranga.eu\\\/wp-content\\\/uploads\\\/2022\\\/01\\\/cropped-fav.png\",\"contentUrl\":\"https:\\\/\\\/sekimoiranga.eu\\\/wp-content\\\/uploads\\\/2022\\\/01\\\/cropped-fav.png\",\"width\":512,\"height\":512,\"caption\":\"Sekimo \u012eranga\"},\"image\":{\"@id\":\"https:\\\/\\\/sekimoiranga.eu\\\/#\\\/schema\\\/logo\\\/image\\\/\"},\"sameAs\":[\"https:\\\/\\\/www.facebook.com\\\/sekimoiranga\\\/\"]}]}<\/script>\n<!-- \/ Yoast SEO plugin. -->","yoast_head_json":{"title":"Auto raktas su \u012fmontuota slapta kamera FULL HD","robots":{"index":"index","follow":"follow","max-snippet":"max-snippet:-1","max-image-preview":"max-image-preview:large","max-video-preview":"max-video-preview:-1"},"canonical":"https:\/\/sekimoiranga.eu\/et\/\u043f\u0440\u043e\u0434\u0443\u043a\u0442\/auto-raktas-su-imontuota-slapta-kamera-full-hd\/","og_locale":"et_EE","og_type":"article","og_title":"Auto raktas su \u012fmontuota slapta kamera FULL HD","og_description":"Techniniai\u00a0parametrai: Atminties korteli\u0173 palaikymas: mikro SD \/ SDHC iki 32GB (ne\u012ftrauktas) Vaizdo \u012fra\u0161ymas su garsu \u012era\u0161ymo rai\u0161ka: pilnas HD 1920x1080px Vaizdo formatas: AVI | 20fps Vaizdo rai\u0161ka: JPEG 2560 x 1440 px \u017di\u016br\u0117jimo kampas: 60 \u00b0 Garsas: mikrofonas su triuk\u0161mo slopinimo funkcija Prijungimo standartas: USB \u012ekraunama baterija: 3.6V 450mAh Akumuliatoriaus tarnavimo laikas: apie 70 minu\u010di\u0173 [&hellip;]","og_url":"https:\/\/sekimoiranga.eu\/et\/\u043f\u0440\u043e\u0434\u0443\u043a\u0442\/auto-raktas-su-imontuota-slapta-kamera-full-hd\/","og_site_name":"Sekimo\u012franga.eu","article_publisher":"https:\/\/www.facebook.com\/sekimoiranga\/","article_modified_time":"2023-03-20T11:22:30+00:00","og_image":[{"width":833,"height":689,"url":"https:\/\/sekimoiranga.eu\/wp-content\/uploads\/2022\/01\/667-1.jpg","type":"image\/jpeg"}],"twitter_card":"summary_large_image","twitter_misc":{"Est. reading time":"2 minutit"},"schema":{"@context":"https:\/\/schema.org","@graph":[{"@type":"WebPage","@id":"https:\/\/sekimoiranga.eu\/ru\/\u043f\u0440\u043e\u0434\u0443\u043a\u0442\/auto-raktas-su-imontuota-slapta-kamera-full-hd\/","url":"https:\/\/sekimoiranga.eu\/ru\/\u043f\u0440\u043e\u0434\u0443\u043a\u0442\/auto-raktas-su-imontuota-slapta-kamera-full-hd\/","name":"Auto raktas su \u012fmontuota slapta kamera FULL HD","isPartOf":{"@id":"https:\/\/sekimoiranga.eu\/#website"},"primaryImageOfPage":{"@id":"https:\/\/sekimoiranga.eu\/ru\/\u043f\u0440\u043e\u0434\u0443\u043a\u0442\/auto-raktas-su-imontuota-slapta-kamera-full-hd\/#primaryimage"},"image":{"@id":"https:\/\/sekimoiranga.eu\/ru\/\u043f\u0440\u043e\u0434\u0443\u043a\u0442\/auto-raktas-su-imontuota-slapta-kamera-full-hd\/#primaryimage"},"thumbnailUrl":"https:\/\/sekimoiranga.eu\/wp-content\/uploads\/2022\/01\/667-1.jpg","datePublished":"2022-01-14T10:56:07+00:00","dateModified":"2023-03-20T11:22:30+00:00","breadcrumb":{"@id":"https:\/\/sekimoiranga.eu\/ru\/\u043f\u0440\u043e\u0434\u0443\u043a\u0442\/auto-raktas-su-imontuota-slapta-kamera-full-hd\/#breadcrumb"},"inLanguage":"et","potentialAction":[{"@type":"ReadAction","target":["https:\/\/sekimoiranga.eu\/ru\/\u043f\u0440\u043e\u0434\u0443\u043a\u0442\/auto-raktas-su-imontuota-slapta-kamera-full-hd\/"]}]},{"@type":"ImageObject","inLanguage":"et","@id":"https:\/\/sekimoiranga.eu\/ru\/\u043f\u0440\u043e\u0434\u0443\u043a\u0442\/auto-raktas-su-imontuota-slapta-kamera-full-hd\/#primaryimage","url":"https:\/\/sekimoiranga.eu\/wp-content\/uploads\/2022\/01\/667-1.jpg","contentUrl":"https:\/\/sekimoiranga.eu\/wp-content\/uploads\/2022\/01\/667-1.jpg","width":833,"height":689},{"@type":"BreadcrumbList","@id":"https:\/\/sekimoiranga.eu\/ru\/\u043f\u0440\u043e\u0434\u0443\u043a\u0442\/auto-raktas-su-imontuota-slapta-kamera-full-hd\/#breadcrumb","itemListElement":[{"@type":"ListItem","position":1,"name":"Prad\u017eia","item":"https:\/\/sekimoiranga.eu\/"},{"@type":"ListItem","position":2,"name":"Parduotuv\u0117","item":"https:\/\/sekimoiranga.eu\/pl\/parduotuve\/"},{"@type":"ListItem","position":3,"name":"Auto raktas su \u012fmontuota slapta kamera FULL HD"}]},{"@type":"WebSite","@id":"https:\/\/sekimoiranga.eu\/#website","url":"https:\/\/sekimoiranga.eu\/","name":"J\u00e4lgimisseadmed.eu","description":"","publisher":{"@id":"https:\/\/sekimoiranga.eu\/#organization"},"potentialAction":[{"@type":"SearchAction","target":{"@type":"EntryPoint","urlTemplate":"https:\/\/sekimoiranga.eu\/?s={search_term_string}"},"query-input":{"@type":"PropertyValueSpecification","valueRequired":true,"valueName":"search_term_string"}}],"inLanguage":"et"},{"@type":"Organization","@id":"https:\/\/sekimoiranga.eu\/#organization","name":"J\u00e4lgimisseadmed","url":"https:\/\/sekimoiranga.eu\/","logo":{"@type":"ImageObject","inLanguage":"et","@id":"https:\/\/sekimoiranga.eu\/#\/schema\/logo\/image\/","url":"https:\/\/sekimoiranga.eu\/wp-content\/uploads\/2022\/01\/cropped-fav.png","contentUrl":"https:\/\/sekimoiranga.eu\/wp-content\/uploads\/2022\/01\/cropped-fav.png","width":512,"height":512,"caption":"Sekimo \u012eranga"},"image":{"@id":"https:\/\/sekimoiranga.eu\/#\/schema\/logo\/image\/"},"sameAs":["https:\/\/www.facebook.com\/sekimoiranga\/"]}]}},"_links":{"self":[{"href":"https:\/\/sekimoiranga.eu\/et\/wp-json\/wp\/v2\/product\/92","targetHints":{"allow":["GET"]}}],"collection":[{"href":"https:\/\/sekimoiranga.eu\/et\/wp-json\/wp\/v2\/product"}],"about":[{"href":"https:\/\/sekimoiranga.eu\/et\/wp-json\/wp\/v2\/types\/product"}],"wp:featuredmedia":[{"embeddable":true,"href":"https:\/\/sekimoiranga.eu\/et\/wp-json\/wp\/v2\/media\/541"}],"wp:attachment":[{"href":"https:\/\/sekimoiranga.eu\/et\/wp-json\/wp\/v2\/media?parent=92"}],"wp:term":[{"taxonomy":"product_brand","embeddable":true,"href":"https:\/\/sekimoiranga.eu\/et\/wp-json\/wp\/v2\/product_brand?post=92"},{"taxonomy":"product_cat","embeddable":true,"href":"https:\/\/sekimoiranga.eu\/et\/wp-json\/wp\/v2\/product_cat?post=92"},{"taxonomy":"product_tag","embeddable":true,"href":"https:\/\/sekimoiranga.eu\/et\/wp-json\/wp\/v2\/product_tag?post=92"}],"curies":[{"name":"wp","href":"https:\/\/api.w.org\/{rel}","templated":true}]}}