{"id":96,"date":"2022-01-14T10:56:09","date_gmt":"2022-01-14T08:56:09","guid":{"rendered":"https:\/\/sekimoiranga.eu\/produktas\/gps-seklys-su-labai-galingais-magnetais-ir-apsauga-nuo-vandens\/"},"modified":"2023-03-07T09:28:53","modified_gmt":"2023-03-07T07:28:53","slug":"gps-seklys-10400mah-baterija-galingais-magnetais-ir-apsauga-nuo-vandens","status":"publish","type":"product","link":"https:\/\/sekimoiranga.eu\/et\/toode\/gps-seklys-10400mah-baterija-galingais-magnetais-ir-apsauga-nuo-vandens\/","title":{"rendered":"GPS j\u00e4lgimisseade 10400Mah aku v\u00f5imsate magnetite ja veekaitsega"},"content":{"rendered":"<h3><strong>Tehnilised parameetrid:<\/strong><\/h3>\n<ul>\n<li>T\u00f6\u00f6temperatuur: -20 C-+65 C<\/li>\n<li>Pokalbi\u0173 pasiklausymas : yra<\/li>\n<li>Eemaldamisandur (saate SMS-i, kui seade eemaldatakse)<\/li>\n<li>neskleid\u017eia joki\u0173 gars\u0173<\/li>\n<li>Sissel\u00fclitamine: 45 s (k\u00fclmalt), 35 s (soojalt), 1 s (kuumalt).<\/li>\n<li>GPS-moodul: U-blox\u00a0<a href=\"https:\/\/www.u-blox.com\/en\/positioning-chips-and-modules\">https:\/\/www.u-blox.com\/en\/positioning-chips-and-modules<\/a><\/li>\n<li>GSM\/GPRS-moodul: jah<\/li>\n<li>Kaitse niiskuse eest: IP65<\/li>\n<li>Baterija: li\u010dio jon\u0173 (3.7V 10400mAh)<\/li>\n<li>pealtkuulamisfunktsioon (v\u00f5ime kuulata otse\u00fclekandeid)<\/li>\n<li>Veikimo trukm\u0117: iki\u00a06 m\u0117n\u0117si\u0173 ( GSM miego re\u017eimu)<\/li>\n<li>Tundlikkus: -159 dBm<\/li>\n<li>Koordinaatide viga: maksimaalselt 5 meetrit<\/li>\n<li>Matmenys: 70 mm x 20 mm x 100mm<\/li>\n<li>Svoris:\u00a0300 g<\/li>\n<li>Tasuta veebip\u00f5hine seire<\/li>\n<li>Tasuta j\u00e4lgimisrakendus (mobiilirakendus)<\/li>\n<li>Kiirushoiatus : Jah<\/li>\n<li>Liikumisandur : Jah<\/li>\n<li>Vibratsiooniandur : Jah<\/li>\n<li>S\u00fcgavune re\u017eiim : Jah<\/li>\n<li>Sos nupp: ei ole<\/li>\n<li>Pakalbi\u0173 pasiklausymas :\u00a0Yra<\/li>\n<li>GSM pealtkuulamisfunktsioon: jah<\/li>\n<\/ul>\n<p><strong>Komplekti kuuluvad:<\/strong><\/p>\n<ul>\n<li>GPS-j\u00e4lgimiss\u00fcsteem;<\/li>\n<li>USB-kaabel<\/li>\n<li>Juhised leedu keeles<\/li>\n<li>Konto sisselogimine (kasutaja + parool)<\/li>\n<li><strong>Garantii 12 kuud<\/strong><\/li>\n<\/ul>\n<p>&nbsp;<\/p>\n<h3>Kasutamine: Teie auto ja asjade ohutuse tagamiseks.<\/h3>\n<p><strong>GPS seklys su galingais magnetais<\/strong><\/p>\n<p>GPS sekliai yra pritaikomi labai da\u017enose situacijose, kuomet siekiama apsaugoti automobilius nuo vagyst\u0117s, motociklo vagyst\u0117s, keturra\u010dio, mobilios pirties ar kubilo. \u0160iandien tokios \u012frangos naudojimas yra spar\u010diai populiar\u0117jantis, ir tai tikrai nekelia nuostabos: i\u0161siai\u0161kinti, kur \u0161iuo metu yra j\u016bs\u0173 automobilis\u00a0 ir tam neprireikia kit\u0173 asmen\u0173 pagalbos ar dideli\u0173 i\u0161laid\u0173. GPS sekli\u0173 kaina yra gan\u0117tinai nedidel\u0117, tod\u0117l tai yra viena geriausi\u0173 priemoni\u0173, padedan\u010di\u0173 i\u0161sklaidyti abejones, ar leid\u017eian\u010di\u0173 su\u017einoti, kur \u0161iuo metu yra j\u016bs\u0173 transporto priemon\u0117. Toks \u012frenginys gali pagelb\u0117ti ir vagyst\u0117s atveju: vos per kelias akimirkas gal\u0117site su\u017einoti, kur \u0161iuo metu yra j\u016bs\u0173 automobilis.<\/p>\n<p><strong>Greitas ir efektyvus tvirtinimas<\/strong><\/p>\n<p>GPS seklys su ypatingai galingais magnetais gali b\u016bti pritvirtinamas vos per kelias akimirkas, ir galite b\u016bti visi\u0161kai ram\u016bs, kad jis laikysis pakankamai tvirtai. GPS seklys yra pritvirtinamas\u00a0ma\u0161inoje bet kur vagys jo lengvai nesuras. GPS seklys neskleid\u017eia joki\u0173 pa\u0161alini\u0173 gars\u0173, tod\u0117l \u0161is prietaisas nesukels visi\u0161kai jokio \u012ftarimo.<\/p>\n<p><strong>Galite steb\u0117ti, kur keliaujama j\u016bs\u0173 automobiliu<\/strong><\/p>\n<p>Kai GPS seklys bus\u00a0\u012fmontuotas \u012f automobil\u012f, gal\u0117site bet kada pasitikrinti, kur \u0161iuo metu yra j\u016bs\u0173 transporto priemon\u0117. Automobilio steb\u0117jimui yra pritaikyta speciali program\u0117l\u0117, kuri veikia visuose i\u0161maniuosiuose telefonuose, taigi, nesunkiai i\u0161siai\u0161kinsite, kur ir kada lankosi j\u016bs\u0173\u00a0transporto priemon\u0117. Taip pat automobil\u012f gal\u0117site steb\u0117ti per special\u0173 internetin\u012f puslap\u012f: steb\u0117jimo serveris net 10 met\u0173 laikotarpiui yra suteikiamas visi\u0161kai nemokamai.<\/p>\n<p><strong>Itin talpi baterija<\/strong><\/p>\n<p>D\u017eiugina ir tai, kad \u0161io GPS seklio baterija yra labai talpi, tad galite nesibaiminti, jog \u0161is \u012frenginys gali i\u0161sikrauti pa\u010diu netinkamiausiu metu. \u0160io GPS seklio baterijos talpa yra net 10400 mAh, taigi, \u0161is \u012frenginys be papildomo \u012fkrovimo gal\u0117s veikti valand\u0173 valandas.<\/p>\n<p><strong>Pla\u010dios pritaikymo galimyb\u0117s<\/strong><\/p>\n<p>GPS sekliai gali b\u016bti pritaikomi tikrai da\u017enose situacijose: kai norima apsaugoti automobil\u012f nuo vagyst\u0117s, , ir t.t. Jei j\u016bs\u0173 transporto priemon\u0119 kas nors pavogt\u0173, j\u016bs vos per kelias akimirkas gal\u0117tum\u0117te i\u0161siai\u0161kinti jos buvimo viet\u0105, taigi, tai gerokai palengvint\u0173 policijos pareig\u016bn\u0173 darb\u0105. Gali b\u016bti aktualu i\u0161siai\u0161kinti, kur lankosi j\u016bs\u0173 nepilname\u010diai vaikai, ir ar vairuodami nevir\u0161ija grei\u010dio (taip pat t\u0105 i\u0161siai\u0161kinti gali b\u016bti svarbu, jei transporto priemon\u0117 yra duodama darbuotojams ar pan.) Jei darbuotojai naudojasi \u012fmonei priklausan\u010diu automobiliu, ypatingai svarbu pasir\u016bpinti, kad keliuose jie elgt\u0173si tinkamai ir nekenkia j\u016bs\u0173 \u012fmon\u0117s \u012fvaizd\u017eiui, tad grei\u010dio vir\u0161ijimas tikrai negali b\u016bti toleruotinas. Taip pat GPS seklys padeda steb\u0117ti, ar darbuotojai va\u017ein\u0117ja tam tikrais numatytais mar\u0161rutais, ar taip pat transporto priemon\u0119 naudoja asmeniniais tikslais, ir t.t. GPS seklys gali pad\u0117ti steb\u0117ti ir tai, kur \u0161iuo metu yra krovinys: pritaikymo galimybi\u0173 yra tikrai nema\u017eai, taigi, \u0161i priemon\u0117 i\u0161 ties\u0173 da\u017enose situacijose padeda gauti pageidaujam\u0105 informacij\u0105.<\/p>\n<p><strong>Lihtne kasutada<\/strong><\/p>\n<p>\u012esigij\u0119 \u0161\u012f GPS sekl\u012f gausite i\u0161 anksto sukomplektuot\u0105 steb\u0117jimo priemon\u0119, tod\u0117l ja naudotis bus tikrai labai paprasta. Jums tereik\u0117s \u012fstatyti SIM kortel\u0119, ir netrukus gal\u0117site prad\u0117ti tam transporto priemon\u0117s ar tam tikr\u0173 asmen\u0173 steb\u0117jim\u0105. Neleiskite, kad jus u\u017evaldyt\u0173 abejon\u0117s: GPS seklys yra vienas efektyviausi\u0173 sprendim\u0173, kuris padeda gauti tam tikr\u0105 pageidaujam\u0105 informacij\u0105, ir t\u0105 daryti visada yra labai paprasta!<\/p>\n<p>{opfaqblock:1}<\/p>","protected":false},"excerpt":{"rendered":"<p>Techniniai parametrai: Darbin\u0117 temperat\u016bra: -20 C-+65 C Pokalbi\u0173 pasiklausymas : yra Nuemimo daviklis ( nu\u0117mus prietais\u0105, gausit sms \u017einut\u0119) neskleid\u017eia joki\u0173 gars\u0173 \u012ejungimas: 45 s (kai \u012frenginys \u0161altas), 35 s (kai \u012frenginys \u0161iltas), 1 s (kai \u012frenginys kar\u0161tas) GPS modulis:\u00a0U-blox\u00a0https:\/\/www.u-blox.com\/en\/positioning-chips-and-modules GSM\/GPRS modulis: Yra Apsauga nuo dregm\u0117s: IP65 Baterija: li\u010dio jon\u0173 (3.7V 10400mAh) pasiklausymo funcija ( [&hellip;]<\/p>","protected":false},"featured_media":552,"template":"","meta":[],"product_brand":[],"product_cat":[20],"product_tag":[],"class_list":{"0":"post-96","1":"product","2":"type-product","3":"status-publish","4":"has-post-thumbnail","6":"product_cat-vietos-nustatymo-iranga","8":"first","9":"instock","10":"taxable","11":"shipping-taxable","12":"purchasable","13":"product-type-simple"},"yoast_head":"<!-- This site is optimized with the Yoast SEO plugin v27.4 - https:\/\/yoast.com\/product\/yoast-seo-wordpress\/ -->\n<title>GPS seklys 10400Mah baterija galingais magnetais ir apsauga nuo vandens<\/title>\n<meta name=\"robots\" content=\"index, follow, max-snippet:-1, max-image-preview:large, max-video-preview:-1\" \/>\n<link rel=\"canonical\" href=\"https:\/\/sekimoiranga.eu\/et\/\u043f\u0440\u043e\u0434\u0443\u043a\u0442\/gps-seklys-10400mah-baterija-galingais-magnetais-ir-apsauga-nuo-vandens\/\" \/>\n<meta property=\"og:locale\" content=\"et_EE\" \/>\n<meta property=\"og:type\" content=\"article\" \/>\n<meta property=\"og:title\" content=\"GPS seklys 10400Mah baterija galingais magnetais ir apsauga nuo vandens\" \/>\n<meta property=\"og:description\" content=\"Techniniai parametrai: Darbin\u0117 temperat\u016bra: -20 C-+65 C Pokalbi\u0173 pasiklausymas : yra Nuemimo daviklis ( nu\u0117mus prietais\u0105, gausit sms \u017einut\u0119) neskleid\u017eia joki\u0173 gars\u0173 \u012ejungimas: 45 s (kai \u012frenginys \u0161altas), 35 s (kai \u012frenginys \u0161iltas), 1 s (kai \u012frenginys kar\u0161tas) GPS modulis:\u00a0U-blox\u00a0https:\/\/www.u-blox.com\/en\/positioning-chips-and-modules GSM\/GPRS modulis: Yra Apsauga nuo dregm\u0117s: IP65 Baterija: li\u010dio jon\u0173 (3.7V 10400mAh) pasiklausymo funcija ( [&hellip;]\" \/>\n<meta property=\"og:url\" content=\"https:\/\/sekimoiranga.eu\/et\/\u043f\u0440\u043e\u0434\u0443\u043a\u0442\/gps-seklys-10400mah-baterija-galingais-magnetais-ir-apsauga-nuo-vandens\/\" \/>\n<meta property=\"og:site_name\" content=\"Sekimo\u012franga.eu\" \/>\n<meta property=\"article:publisher\" content=\"https:\/\/www.facebook.com\/sekimoiranga\/\" \/>\n<meta property=\"article:modified_time\" content=\"2023-03-07T07:28:53+00:00\" \/>\n<meta property=\"og:image\" content=\"https:\/\/sekimoiranga.eu\/wp-content\/uploads\/2022\/01\/794-1.jpg\" \/>\n\t<meta property=\"og:image:width\" content=\"800\" \/>\n\t<meta property=\"og:image:height\" content=\"800\" \/>\n\t<meta property=\"og:image:type\" content=\"image\/jpeg\" \/>\n<meta name=\"twitter:card\" content=\"summary_large_image\" \/>\n<meta name=\"twitter:label1\" content=\"Est. reading time\" \/>\n\t<meta name=\"twitter:data1\" content=\"4 minutit\" \/>\n<script type=\"application\/ld+json\" class=\"yoast-schema-graph\">{\"@context\":\"https:\\\/\\\/schema.org\",\"@graph\":[{\"@type\":\"WebPage\",\"@id\":\"https:\\\/\\\/sekimoiranga.eu\\\/ru\\\/\u043f\u0440\u043e\u0434\u0443\u043a\u0442\\\/gps-seklys-10400mah-baterija-galingais-magnetais-ir-apsauga-nuo-vandens\\\/\",\"url\":\"https:\\\/\\\/sekimoiranga.eu\\\/ru\\\/\u043f\u0440\u043e\u0434\u0443\u043a\u0442\\\/gps-seklys-10400mah-baterija-galingais-magnetais-ir-apsauga-nuo-vandens\\\/\",\"name\":\"GPS seklys 10400Mah baterija galingais magnetais ir apsauga nuo vandens\",\"isPartOf\":{\"@id\":\"https:\\\/\\\/sekimoiranga.eu\\\/#website\"},\"primaryImageOfPage\":{\"@id\":\"https:\\\/\\\/sekimoiranga.eu\\\/ru\\\/\u043f\u0440\u043e\u0434\u0443\u043a\u0442\\\/gps-seklys-10400mah-baterija-galingais-magnetais-ir-apsauga-nuo-vandens\\\/#primaryimage\"},\"image\":{\"@id\":\"https:\\\/\\\/sekimoiranga.eu\\\/ru\\\/\u043f\u0440\u043e\u0434\u0443\u043a\u0442\\\/gps-seklys-10400mah-baterija-galingais-magnetais-ir-apsauga-nuo-vandens\\\/#primaryimage\"},\"thumbnailUrl\":\"https:\\\/\\\/sekimoiranga.eu\\\/wp-content\\\/uploads\\\/2022\\\/01\\\/794-1.jpg\",\"datePublished\":\"2022-01-14T08:56:09+00:00\",\"dateModified\":\"2023-03-07T07:28:53+00:00\",\"breadcrumb\":{\"@id\":\"https:\\\/\\\/sekimoiranga.eu\\\/ru\\\/\u043f\u0440\u043e\u0434\u0443\u043a\u0442\\\/gps-seklys-10400mah-baterija-galingais-magnetais-ir-apsauga-nuo-vandens\\\/#breadcrumb\"},\"inLanguage\":\"et\",\"potentialAction\":[{\"@type\":\"ReadAction\",\"target\":[\"https:\\\/\\\/sekimoiranga.eu\\\/ru\\\/\u043f\u0440\u043e\u0434\u0443\u043a\u0442\\\/gps-seklys-10400mah-baterija-galingais-magnetais-ir-apsauga-nuo-vandens\\\/\"]}]},{\"@type\":\"ImageObject\",\"inLanguage\":\"et\",\"@id\":\"https:\\\/\\\/sekimoiranga.eu\\\/ru\\\/\u043f\u0440\u043e\u0434\u0443\u043a\u0442\\\/gps-seklys-10400mah-baterija-galingais-magnetais-ir-apsauga-nuo-vandens\\\/#primaryimage\",\"url\":\"https:\\\/\\\/sekimoiranga.eu\\\/wp-content\\\/uploads\\\/2022\\\/01\\\/794-1.jpg\",\"contentUrl\":\"https:\\\/\\\/sekimoiranga.eu\\\/wp-content\\\/uploads\\\/2022\\\/01\\\/794-1.jpg\",\"width\":800,\"height\":800},{\"@type\":\"BreadcrumbList\",\"@id\":\"https:\\\/\\\/sekimoiranga.eu\\\/ru\\\/\u043f\u0440\u043e\u0434\u0443\u043a\u0442\\\/gps-seklys-10400mah-baterija-galingais-magnetais-ir-apsauga-nuo-vandens\\\/#breadcrumb\",\"itemListElement\":[{\"@type\":\"ListItem\",\"position\":1,\"name\":\"Prad\u017eia\",\"item\":\"https:\\\/\\\/sekimoiranga.eu\\\/\"},{\"@type\":\"ListItem\",\"position\":2,\"name\":\"Parduotuv\u0117\",\"item\":\"https:\\\/\\\/sekimoiranga.eu\\\/pl\\\/parduotuve\\\/\"},{\"@type\":\"ListItem\",\"position\":3,\"name\":\"GPS seklys 10400Mah baterija galingais magnetais ir apsauga nuo vandens\"}]},{\"@type\":\"WebSite\",\"@id\":\"https:\\\/\\\/sekimoiranga.eu\\\/#website\",\"url\":\"https:\\\/\\\/sekimoiranga.eu\\\/\",\"name\":\"Sekimo\u012franga.eu\",\"description\":\"\",\"publisher\":{\"@id\":\"https:\\\/\\\/sekimoiranga.eu\\\/#organization\"},\"potentialAction\":[{\"@type\":\"SearchAction\",\"target\":{\"@type\":\"EntryPoint\",\"urlTemplate\":\"https:\\\/\\\/sekimoiranga.eu\\\/?s={search_term_string}\"},\"query-input\":{\"@type\":\"PropertyValueSpecification\",\"valueRequired\":true,\"valueName\":\"search_term_string\"}}],\"inLanguage\":\"et\"},{\"@type\":\"Organization\",\"@id\":\"https:\\\/\\\/sekimoiranga.eu\\\/#organization\",\"name\":\"Sekimo \u012eranga\",\"url\":\"https:\\\/\\\/sekimoiranga.eu\\\/\",\"logo\":{\"@type\":\"ImageObject\",\"inLanguage\":\"et\",\"@id\":\"https:\\\/\\\/sekimoiranga.eu\\\/#\\\/schema\\\/logo\\\/image\\\/\",\"url\":\"https:\\\/\\\/sekimoiranga.eu\\\/wp-content\\\/uploads\\\/2022\\\/01\\\/cropped-fav.png\",\"contentUrl\":\"https:\\\/\\\/sekimoiranga.eu\\\/wp-content\\\/uploads\\\/2022\\\/01\\\/cropped-fav.png\",\"width\":512,\"height\":512,\"caption\":\"Sekimo \u012eranga\"},\"image\":{\"@id\":\"https:\\\/\\\/sekimoiranga.eu\\\/#\\\/schema\\\/logo\\\/image\\\/\"},\"sameAs\":[\"https:\\\/\\\/www.facebook.com\\\/sekimoiranga\\\/\"]}]}<\/script>\n<!-- \/ Yoast SEO plugin. -->","yoast_head_json":{"title":"GPS j\u00e4lgimisseade 10400Mah aku v\u00f5imsate magnetite ja veekaitsega","robots":{"index":"index","follow":"follow","max-snippet":"max-snippet:-1","max-image-preview":"max-image-preview:large","max-video-preview":"max-video-preview:-1"},"canonical":"https:\/\/sekimoiranga.eu\/et\/\u043f\u0440\u043e\u0434\u0443\u043a\u0442\/gps-seklys-10400mah-baterija-galingais-magnetais-ir-apsauga-nuo-vandens\/","og_locale":"et_EE","og_type":"article","og_title":"GPS seklys 10400Mah baterija galingais magnetais ir apsauga nuo vandens","og_description":"Techniniai parametrai: Darbin\u0117 temperat\u016bra: -20 C-+65 C Pokalbi\u0173 pasiklausymas : yra Nuemimo daviklis ( nu\u0117mus prietais\u0105, gausit sms \u017einut\u0119) neskleid\u017eia joki\u0173 gars\u0173 \u012ejungimas: 45 s (kai \u012frenginys \u0161altas), 35 s (kai \u012frenginys \u0161iltas), 1 s (kai \u012frenginys kar\u0161tas) GPS modulis:\u00a0U-blox\u00a0https:\/\/www.u-blox.com\/en\/positioning-chips-and-modules GSM\/GPRS modulis: Yra Apsauga nuo dregm\u0117s: IP65 Baterija: li\u010dio jon\u0173 (3.7V 10400mAh) pasiklausymo funcija ( [&hellip;]","og_url":"https:\/\/sekimoiranga.eu\/et\/\u043f\u0440\u043e\u0434\u0443\u043a\u0442\/gps-seklys-10400mah-baterija-galingais-magnetais-ir-apsauga-nuo-vandens\/","og_site_name":"Sekimo\u012franga.eu","article_publisher":"https:\/\/www.facebook.com\/sekimoiranga\/","article_modified_time":"2023-03-07T07:28:53+00:00","og_image":[{"width":800,"height":800,"url":"https:\/\/sekimoiranga.eu\/wp-content\/uploads\/2022\/01\/794-1.jpg","type":"image\/jpeg"}],"twitter_card":"summary_large_image","twitter_misc":{"Est. reading time":"4 minutit"},"schema":{"@context":"https:\/\/schema.org","@graph":[{"@type":"WebPage","@id":"https:\/\/sekimoiranga.eu\/ru\/\u043f\u0440\u043e\u0434\u0443\u043a\u0442\/gps-seklys-10400mah-baterija-galingais-magnetais-ir-apsauga-nuo-vandens\/","url":"https:\/\/sekimoiranga.eu\/ru\/\u043f\u0440\u043e\u0434\u0443\u043a\u0442\/gps-seklys-10400mah-baterija-galingais-magnetais-ir-apsauga-nuo-vandens\/","name":"GPS j\u00e4lgimisseade 10400Mah aku v\u00f5imsate magnetite ja veekaitsega","isPartOf":{"@id":"https:\/\/sekimoiranga.eu\/#website"},"primaryImageOfPage":{"@id":"https:\/\/sekimoiranga.eu\/ru\/\u043f\u0440\u043e\u0434\u0443\u043a\u0442\/gps-seklys-10400mah-baterija-galingais-magnetais-ir-apsauga-nuo-vandens\/#primaryimage"},"image":{"@id":"https:\/\/sekimoiranga.eu\/ru\/\u043f\u0440\u043e\u0434\u0443\u043a\u0442\/gps-seklys-10400mah-baterija-galingais-magnetais-ir-apsauga-nuo-vandens\/#primaryimage"},"thumbnailUrl":"https:\/\/sekimoiranga.eu\/wp-content\/uploads\/2022\/01\/794-1.jpg","datePublished":"2022-01-14T08:56:09+00:00","dateModified":"2023-03-07T07:28:53+00:00","breadcrumb":{"@id":"https:\/\/sekimoiranga.eu\/ru\/\u043f\u0440\u043e\u0434\u0443\u043a\u0442\/gps-seklys-10400mah-baterija-galingais-magnetais-ir-apsauga-nuo-vandens\/#breadcrumb"},"inLanguage":"et","potentialAction":[{"@type":"ReadAction","target":["https:\/\/sekimoiranga.eu\/ru\/\u043f\u0440\u043e\u0434\u0443\u043a\u0442\/gps-seklys-10400mah-baterija-galingais-magnetais-ir-apsauga-nuo-vandens\/"]}]},{"@type":"ImageObject","inLanguage":"et","@id":"https:\/\/sekimoiranga.eu\/ru\/\u043f\u0440\u043e\u0434\u0443\u043a\u0442\/gps-seklys-10400mah-baterija-galingais-magnetais-ir-apsauga-nuo-vandens\/#primaryimage","url":"https:\/\/sekimoiranga.eu\/wp-content\/uploads\/2022\/01\/794-1.jpg","contentUrl":"https:\/\/sekimoiranga.eu\/wp-content\/uploads\/2022\/01\/794-1.jpg","width":800,"height":800},{"@type":"BreadcrumbList","@id":"https:\/\/sekimoiranga.eu\/ru\/\u043f\u0440\u043e\u0434\u0443\u043a\u0442\/gps-seklys-10400mah-baterija-galingais-magnetais-ir-apsauga-nuo-vandens\/#breadcrumb","itemListElement":[{"@type":"ListItem","position":1,"name":"Prad\u017eia","item":"https:\/\/sekimoiranga.eu\/"},{"@type":"ListItem","position":2,"name":"Parduotuv\u0117","item":"https:\/\/sekimoiranga.eu\/pl\/parduotuve\/"},{"@type":"ListItem","position":3,"name":"GPS seklys 10400Mah baterija galingais magnetais ir apsauga nuo vandens"}]},{"@type":"WebSite","@id":"https:\/\/sekimoiranga.eu\/#website","url":"https:\/\/sekimoiranga.eu\/","name":"J\u00e4lgimisseadmed.eu","description":"","publisher":{"@id":"https:\/\/sekimoiranga.eu\/#organization"},"potentialAction":[{"@type":"SearchAction","target":{"@type":"EntryPoint","urlTemplate":"https:\/\/sekimoiranga.eu\/?s={search_term_string}"},"query-input":{"@type":"PropertyValueSpecification","valueRequired":true,"valueName":"search_term_string"}}],"inLanguage":"et"},{"@type":"Organization","@id":"https:\/\/sekimoiranga.eu\/#organization","name":"J\u00e4lgimisseadmed","url":"https:\/\/sekimoiranga.eu\/","logo":{"@type":"ImageObject","inLanguage":"et","@id":"https:\/\/sekimoiranga.eu\/#\/schema\/logo\/image\/","url":"https:\/\/sekimoiranga.eu\/wp-content\/uploads\/2022\/01\/cropped-fav.png","contentUrl":"https:\/\/sekimoiranga.eu\/wp-content\/uploads\/2022\/01\/cropped-fav.png","width":512,"height":512,"caption":"Sekimo \u012eranga"},"image":{"@id":"https:\/\/sekimoiranga.eu\/#\/schema\/logo\/image\/"},"sameAs":["https:\/\/www.facebook.com\/sekimoiranga\/"]}]}},"_links":{"self":[{"href":"https:\/\/sekimoiranga.eu\/et\/wp-json\/wp\/v2\/product\/96","targetHints":{"allow":["GET"]}}],"collection":[{"href":"https:\/\/sekimoiranga.eu\/et\/wp-json\/wp\/v2\/product"}],"about":[{"href":"https:\/\/sekimoiranga.eu\/et\/wp-json\/wp\/v2\/types\/product"}],"wp:featuredmedia":[{"embeddable":true,"href":"https:\/\/sekimoiranga.eu\/et\/wp-json\/wp\/v2\/media\/552"}],"wp:attachment":[{"href":"https:\/\/sekimoiranga.eu\/et\/wp-json\/wp\/v2\/media?parent=96"}],"wp:term":[{"taxonomy":"product_brand","embeddable":true,"href":"https:\/\/sekimoiranga.eu\/et\/wp-json\/wp\/v2\/product_brand?post=96"},{"taxonomy":"product_cat","embeddable":true,"href":"https:\/\/sekimoiranga.eu\/et\/wp-json\/wp\/v2\/product_cat?post=96"},{"taxonomy":"product_tag","embeddable":true,"href":"https:\/\/sekimoiranga.eu\/et\/wp-json\/wp\/v2\/product_tag?post=96"}],"curies":[{"name":"wp","href":"https:\/\/api.w.org\/{rel}","templated":true}]}}