{"id":74,"date":"2022-01-14T10:55:48","date_gmt":"2022-01-14T10:55:48","guid":{"rendered":"https:\/\/sekimoiranga.eu\/produktas\/rankinis-laikrodis-stebejimo-kamera-full-hd-vaizdo-kokybe\/"},"modified":"2023-03-20T13:22:30","modified_gmt":"2023-03-20T11:22:30","slug":"rankinis-laikrodis-ant-rieso-su-slapta-kamera","status":"publish","type":"product","link":"https:\/\/sekimoiranga.eu\/lv\/products\/rankinis-laikrodis-ant-rieso-su-slapta-kamera\/","title":{"rendered":"Rokas pulkstenis ar slepeno kameru"},"content":{"rendered":"<h3><strong>TECHNINIAI PARAMETRAI:<\/strong><\/h3>\n<ul>\n<li>Atmintis:\u00a08GB<\/li>\n<li>Vaizdas \u012fra\u0161omas su garsu<\/li>\n<li>Vaizdo rai\u0161ka: HD\u00a01920 x 1080px FULL HD<\/li>\n<li>Vaizdo formatas: AVI | 30fps<\/li>\n<li>Objektyvo dydis: 1mm.<\/li>\n<li>Naktinis matymas: Taip ( automati\u0161kai isijungia kai truksta \u0161viesos)<\/li>\n<li>Nuotraukos:\u00a0JPEG 2560 x 1440px<\/li>\n<li>Veikimo laikas: apie 70min.<\/li>\n<li>Filmavimo\u00a0kampas: 72 \u00b0<\/li>\n<li>Vaizdo \u012fra\u0161as: 1val. 6 GB<\/li>\n<li>Garsas: mikrofonas\u00a0su gerai girdimu garsu apie 3-4 metrai<strong><br \/>\n<\/strong><\/li>\n<li>Prijungimo standartas: USB 1.1 ir 2.0<\/li>\n<li>\u012ekraunama baterija: 3.7V 5000mAh<\/li>\n<li>Suderinamumas: \u201eWindows , Mac OS\u201c<\/li>\n<li>Darbo temperat\u016bra: 0\u00b0 C ~ 45 \u00b0 C<\/li>\n<li>Krovimas: per usb laid\u0105<\/li>\n<li>Spalva:\u00a0Sidabrin\u0117 ( chromas)<\/li>\n<li>Komplektacija: Rankinis laikrodis, instrukcija Lietuviu kalba<\/li>\n<li><strong>GARANTIJA 12 m\u0113ne\u0161i<\/strong><\/li>\n<\/ul>\n<p>Lieto\u0161ana: J\u016bsu un nepilngad\u012bgo b\u0113rnu dro\u0161\u012bbai.<\/p>\n<p><strong>Rankinis laikrodis-steb\u0117jimo kamera (FULL HD vaizdo kokyb\u0117)<\/strong><\/p>\n<p>Slaptos kameros \u012fgyja vis didesn\u012f populiarum\u0105, ir tai tikrai nekelia nuostabos: \u012fvairiuose kasdien naudojamuose daiktuose meistri\u0161kai u\u017emaskuotos kameros padeda surinkti \u012fvairi\u0105 reikaling\u0105 informacij\u0105, ir tai padeda i\u0161sklaidyti abejones. Slaptos kameros neretai pasirenkamos tada, kuomet siekiama \u012fsitikinti, ar tam tikri asmenys yra s\u0105\u017einingi, kada norima surinkti \u012frodym\u0173 apie nes\u0105\u017eining\u0105 veikl\u0105, ir t.t. Rankinis laikrodis su slapta kamera neabejotinai gali b\u016bti vienas palankiausi\u0173 pasirinkim\u0173, nes toks \u012frenginys nesukels joki\u0173 \u012ftarim\u0173.\u00a0 Rankinis laikrodis tarsi nety\u010dia gali b\u016bti paliekamas ant stalo, arba j\u012f galima seg\u0117ti ant rankos: ir vienu, ir kitu atveju tikrai nesukelsite joki\u0173 \u012ftarim\u0173.<\/p>\n<p>Rankinis laikrodis-slapta kamera turi labai nedidel\u012f (vos 1 mm skersmens) objektyv\u0105, kuris yra visi\u0161kai nepastebimas. Filmavimo metu slapta kamera neblyk\u010dioja\u00a0 ir neskleid\u017eia joki\u0173 gars\u0173, tod\u0117l vaizdo \u012fra\u0161\u0173 fiksavimas bus visi\u0161kai nepastebimas. \u012ekrauta slapta kamera gali be perstojo filmuoti apie 70 minu\u010di\u0173, o u\u017efiksuot\u0173 vaizd\u0173 kokyb\u0117 bus tikrai puiki (kamera filmuoja FULL HD rai\u0161ka). Su \u0161ia kamera vaizdus gal\u0117site fiksuoti ne tik dien\u0105, bet taip pat ir tamsiuoju paros\u00a0metu: jei tr\u016bks ap\u0161vietimo, automati\u0161kai \u012fsijungs naktinio matymo re\u017eimas, tod\u0117l j\u016bs nieko svarbaus nepraleisite.<\/p>\n<p>Naudotis \u0161ia slapta kamera yra labai paprasta (prie \u012frenginio pridedama instrukcija lietuvi\u0173 kalba), tod\u0117l jums tikrai nekils joki\u0173 keblum\u0173. Slapta kamera filmuoja 72 laipsni\u0173 kampu, tod\u0117l tereikia pasir\u016bpinti, kad laikrodis b\u016bt\u0173 atsuktas tinkamu rakursu. \u0160is prietaisas turi 8 gigabait\u0173 atmint\u012f (valanda vaizdo \u012fra\u0161\u0173 u\u017eima ma\u017edaug 6 GB), tod\u0117l \u00a0galite b\u016bti u\u017etikrinti, kad jums pavyks surinkti pakankamai \u012frodym\u0173.<\/p>\n<p>Nors slapta kamera yra labai nedidel\u0117, ta\u010diau ji geba ne tik u\u017efiksuoti kokybi\u0161k\u0105 vaizd\u0105, bet taip pat ir ai\u0161kiai girdim\u0105 gars\u0105: \u012fmontuotas mikrofonas leid\u017eia \u012fra\u0161yti ai\u0161k\u0173 gars\u0105\u00a0ma\u017edaug 3-4 metr\u0173 atstumu. Prireikus tur\u0117site galimybe pasinaudoti ne tik vaizdo ar garso \u012fra\u0161ymo funkcija, bet taip pat ir galimybe fotografuoti. Taigi, jei siekiate i\u0161sklaidyti abejones, i\u0161bandykite slapt\u0105 kamer\u0105, ir ji jums tikrai pad\u0117s surinkti dominan\u010di\u0105 informacij\u0105.<\/p>","protected":false},"excerpt":{"rendered":"<p>TECHNINIAI PARAMETRAI: Atmintis:\u00a08GB Vaizdas \u012fra\u0161omas su garsu Vaizdo rai\u0161ka: HD\u00a01920 x 1080px FULL HD Vaizdo formatas: AVI | 30fps Objektyvo dydis: 1mm. Naktinis matymas: Taip ( automati\u0161kai isijungia kai truksta \u0161viesos) Nuotraukos:\u00a0JPEG 2560 x 1440px Veikimo laikas: apie 70min. Filmavimo\u00a0kampas: 72 \u00b0 Vaizdo \u012fra\u0161as: 1val. 6 GB Garsas: mikrofonas\u00a0su gerai girdimu garsu apie 3-4 metrai [&hellip;]<\/p>","protected":false},"featured_media":488,"template":"","meta":[],"product_brand":[],"product_cat":[19,17,32],"product_tag":[],"class_list":{"0":"post-74","1":"product","2":"type-product","3":"status-publish","4":"has-post-thumbnail","6":"product_cat-diktofonai","7":"product_cat-slaptos-kameros","8":"product_cat-uzmaskuotos-kameros","10":"first","11":"instock","12":"taxable","13":"shipping-taxable","14":"purchasable","15":"product-type-simple"},"yoast_head":"<!-- This site is optimized with the Yoast SEO plugin v27.5 - https:\/\/yoast.com\/product\/yoast-seo-wordpress\/ -->\n<title>Rankinis Laikrodis ant rie\u0161o su slapta kamera<\/title>\n<meta name=\"robots\" content=\"index, follow, max-snippet:-1, max-image-preview:large, max-video-preview:-1\" \/>\n<link rel=\"canonical\" href=\"https:\/\/sekimoiranga.eu\/lv\/\u043f\u0440\u043e\u0434\u0443\u043a\u0442\/rankinis-laikrodis-ant-rieso-su-slapta-kamera\/\" \/>\n<meta property=\"og:locale\" content=\"lv_LV\" \/>\n<meta property=\"og:type\" content=\"article\" \/>\n<meta property=\"og:title\" content=\"Rankinis Laikrodis ant rie\u0161o su slapta kamera\" \/>\n<meta property=\"og:description\" content=\"TECHNINIAI PARAMETRAI: Atmintis:\u00a08GB Vaizdas \u012fra\u0161omas su garsu Vaizdo rai\u0161ka: HD\u00a01920 x 1080px FULL HD Vaizdo formatas: AVI | 30fps Objektyvo dydis: 1mm. Naktinis matymas: Taip ( automati\u0161kai isijungia kai truksta \u0161viesos) Nuotraukos:\u00a0JPEG 2560 x 1440px Veikimo laikas: apie 70min. Filmavimo\u00a0kampas: 72 \u00b0 Vaizdo \u012fra\u0161as: 1val. 6 GB Garsas: mikrofonas\u00a0su gerai girdimu garsu apie 3-4 metrai [&hellip;]\" \/>\n<meta property=\"og:url\" content=\"https:\/\/sekimoiranga.eu\/lv\/\u043f\u0440\u043e\u0434\u0443\u043a\u0442\/rankinis-laikrodis-ant-rieso-su-slapta-kamera\/\" \/>\n<meta property=\"og:site_name\" content=\"Sekimo\u012franga.eu\" \/>\n<meta property=\"article:publisher\" content=\"https:\/\/www.facebook.com\/sekimoiranga\/\" \/>\n<meta property=\"article:modified_time\" content=\"2023-03-20T11:22:30+00:00\" \/>\n<meta property=\"og:image\" content=\"https:\/\/sekimoiranga.eu\/wp-content\/uploads\/2022\/01\/425-1.jpg\" \/>\n\t<meta property=\"og:image:width\" content=\"361\" \/>\n\t<meta property=\"og:image:height\" content=\"348\" \/>\n\t<meta property=\"og:image:type\" content=\"image\/jpeg\" \/>\n<meta name=\"twitter:card\" content=\"summary_large_image\" \/>\n<meta name=\"twitter:label1\" content=\"Est. reading time\" \/>\n\t<meta name=\"twitter:data1\" content=\"2 min\u016btes\" \/>\n<script type=\"application\/ld+json\" class=\"yoast-schema-graph\">{\"@context\":\"https:\\\/\\\/schema.org\",\"@graph\":[{\"@type\":\"WebPage\",\"@id\":\"https:\\\/\\\/sekimoiranga.eu\\\/ru\\\/\u043f\u0440\u043e\u0434\u0443\u043a\u0442\\\/rankinis-laikrodis-ant-rieso-su-slapta-kamera\\\/\",\"url\":\"https:\\\/\\\/sekimoiranga.eu\\\/ru\\\/\u043f\u0440\u043e\u0434\u0443\u043a\u0442\\\/rankinis-laikrodis-ant-rieso-su-slapta-kamera\\\/\",\"name\":\"Rankinis Laikrodis ant rie\u0161o su slapta kamera\",\"isPartOf\":{\"@id\":\"https:\\\/\\\/sekimoiranga.eu\\\/#website\"},\"primaryImageOfPage\":{\"@id\":\"https:\\\/\\\/sekimoiranga.eu\\\/ru\\\/\u043f\u0440\u043e\u0434\u0443\u043a\u0442\\\/rankinis-laikrodis-ant-rieso-su-slapta-kamera\\\/#primaryimage\"},\"image\":{\"@id\":\"https:\\\/\\\/sekimoiranga.eu\\\/ru\\\/\u043f\u0440\u043e\u0434\u0443\u043a\u0442\\\/rankinis-laikrodis-ant-rieso-su-slapta-kamera\\\/#primaryimage\"},\"thumbnailUrl\":\"https:\\\/\\\/sekimoiranga.eu\\\/wp-content\\\/uploads\\\/2022\\\/01\\\/425-1.jpg\",\"datePublished\":\"2022-01-14T10:55:48+00:00\",\"dateModified\":\"2023-03-20T11:22:30+00:00\",\"breadcrumb\":{\"@id\":\"https:\\\/\\\/sekimoiranga.eu\\\/ru\\\/\u043f\u0440\u043e\u0434\u0443\u043a\u0442\\\/rankinis-laikrodis-ant-rieso-su-slapta-kamera\\\/#breadcrumb\"},\"inLanguage\":\"lv-LV\",\"potentialAction\":[{\"@type\":\"ReadAction\",\"target\":[\"https:\\\/\\\/sekimoiranga.eu\\\/ru\\\/\u043f\u0440\u043e\u0434\u0443\u043a\u0442\\\/rankinis-laikrodis-ant-rieso-su-slapta-kamera\\\/\"]}]},{\"@type\":\"ImageObject\",\"inLanguage\":\"lv-LV\",\"@id\":\"https:\\\/\\\/sekimoiranga.eu\\\/ru\\\/\u043f\u0440\u043e\u0434\u0443\u043a\u0442\\\/rankinis-laikrodis-ant-rieso-su-slapta-kamera\\\/#primaryimage\",\"url\":\"https:\\\/\\\/sekimoiranga.eu\\\/wp-content\\\/uploads\\\/2022\\\/01\\\/425-1.jpg\",\"contentUrl\":\"https:\\\/\\\/sekimoiranga.eu\\\/wp-content\\\/uploads\\\/2022\\\/01\\\/425-1.jpg\",\"width\":361,\"height\":348},{\"@type\":\"BreadcrumbList\",\"@id\":\"https:\\\/\\\/sekimoiranga.eu\\\/ru\\\/\u043f\u0440\u043e\u0434\u0443\u043a\u0442\\\/rankinis-laikrodis-ant-rieso-su-slapta-kamera\\\/#breadcrumb\",\"itemListElement\":[{\"@type\":\"ListItem\",\"position\":1,\"name\":\"Prad\u017eia\",\"item\":\"https:\\\/\\\/sekimoiranga.eu\\\/\"},{\"@type\":\"ListItem\",\"position\":2,\"name\":\"Parduotuv\u0117\",\"item\":\"https:\\\/\\\/sekimoiranga.eu\\\/pl\\\/parduotuve\\\/\"},{\"@type\":\"ListItem\",\"position\":3,\"name\":\"Rankinis Laikrodis ant rie\u0161o su slapta kamera\"}]},{\"@type\":\"WebSite\",\"@id\":\"https:\\\/\\\/sekimoiranga.eu\\\/#website\",\"url\":\"https:\\\/\\\/sekimoiranga.eu\\\/\",\"name\":\"Sekimo\u012franga.eu\",\"description\":\"\",\"publisher\":{\"@id\":\"https:\\\/\\\/sekimoiranga.eu\\\/#organization\"},\"potentialAction\":[{\"@type\":\"SearchAction\",\"target\":{\"@type\":\"EntryPoint\",\"urlTemplate\":\"https:\\\/\\\/sekimoiranga.eu\\\/?s={search_term_string}\"},\"query-input\":{\"@type\":\"PropertyValueSpecification\",\"valueRequired\":true,\"valueName\":\"search_term_string\"}}],\"inLanguage\":\"lv-LV\"},{\"@type\":\"Organization\",\"@id\":\"https:\\\/\\\/sekimoiranga.eu\\\/#organization\",\"name\":\"Sekimo \u012eranga\",\"url\":\"https:\\\/\\\/sekimoiranga.eu\\\/\",\"logo\":{\"@type\":\"ImageObject\",\"inLanguage\":\"lv-LV\",\"@id\":\"https:\\\/\\\/sekimoiranga.eu\\\/#\\\/schema\\\/logo\\\/image\\\/\",\"url\":\"https:\\\/\\\/sekimoiranga.eu\\\/wp-content\\\/uploads\\\/2022\\\/01\\\/cropped-fav.png\",\"contentUrl\":\"https:\\\/\\\/sekimoiranga.eu\\\/wp-content\\\/uploads\\\/2022\\\/01\\\/cropped-fav.png\",\"width\":512,\"height\":512,\"caption\":\"Sekimo \u012eranga\"},\"image\":{\"@id\":\"https:\\\/\\\/sekimoiranga.eu\\\/#\\\/schema\\\/logo\\\/image\\\/\"},\"sameAs\":[\"https:\\\/\\\/www.facebook.com\\\/sekimoiranga\\\/\"]}]}<\/script>\n<!-- \/ Yoast SEO plugin. -->","yoast_head_json":{"title":"Rokas pulkstenis ar slepeno kameru","robots":{"index":"index","follow":"follow","max-snippet":"max-snippet:-1","max-image-preview":"max-image-preview:large","max-video-preview":"max-video-preview:-1"},"canonical":"https:\/\/sekimoiranga.eu\/lv\/\u043f\u0440\u043e\u0434\u0443\u043a\u0442\/rankinis-laikrodis-ant-rieso-su-slapta-kamera\/","og_locale":"lv_LV","og_type":"article","og_title":"Rankinis Laikrodis ant rie\u0161o su slapta kamera","og_description":"TECHNINIAI PARAMETRAI: Atmintis:\u00a08GB Vaizdas \u012fra\u0161omas su garsu Vaizdo rai\u0161ka: HD\u00a01920 x 1080px FULL HD Vaizdo formatas: AVI | 30fps Objektyvo dydis: 1mm. Naktinis matymas: Taip ( automati\u0161kai isijungia kai truksta \u0161viesos) Nuotraukos:\u00a0JPEG 2560 x 1440px Veikimo laikas: apie 70min. Filmavimo\u00a0kampas: 72 \u00b0 Vaizdo \u012fra\u0161as: 1val. 6 GB Garsas: mikrofonas\u00a0su gerai girdimu garsu apie 3-4 metrai [&hellip;]","og_url":"https:\/\/sekimoiranga.eu\/lv\/\u043f\u0440\u043e\u0434\u0443\u043a\u0442\/rankinis-laikrodis-ant-rieso-su-slapta-kamera\/","og_site_name":"Sekimo\u012franga.eu","article_publisher":"https:\/\/www.facebook.com\/sekimoiranga\/","article_modified_time":"2023-03-20T11:22:30+00:00","og_image":[{"width":361,"height":348,"url":"https:\/\/sekimoiranga.eu\/wp-content\/uploads\/2022\/01\/425-1.jpg","type":"image\/jpeg"}],"twitter_card":"summary_large_image","twitter_misc":{"Est. reading time":"2 min\u016btes"},"schema":{"@context":"https:\/\/schema.org","@graph":[{"@type":"WebPage","@id":"https:\/\/sekimoiranga.eu\/ru\/\u043f\u0440\u043e\u0434\u0443\u043a\u0442\/rankinis-laikrodis-ant-rieso-su-slapta-kamera\/","url":"https:\/\/sekimoiranga.eu\/ru\/\u043f\u0440\u043e\u0434\u0443\u043a\u0442\/rankinis-laikrodis-ant-rieso-su-slapta-kamera\/","name":"Rokas pulkstenis ar slepeno kameru","isPartOf":{"@id":"https:\/\/sekimoiranga.eu\/#website"},"primaryImageOfPage":{"@id":"https:\/\/sekimoiranga.eu\/ru\/\u043f\u0440\u043e\u0434\u0443\u043a\u0442\/rankinis-laikrodis-ant-rieso-su-slapta-kamera\/#primaryimage"},"image":{"@id":"https:\/\/sekimoiranga.eu\/ru\/\u043f\u0440\u043e\u0434\u0443\u043a\u0442\/rankinis-laikrodis-ant-rieso-su-slapta-kamera\/#primaryimage"},"thumbnailUrl":"https:\/\/sekimoiranga.eu\/wp-content\/uploads\/2022\/01\/425-1.jpg","datePublished":"2022-01-14T10:55:48+00:00","dateModified":"2023-03-20T11:22:30+00:00","breadcrumb":{"@id":"https:\/\/sekimoiranga.eu\/ru\/\u043f\u0440\u043e\u0434\u0443\u043a\u0442\/rankinis-laikrodis-ant-rieso-su-slapta-kamera\/#breadcrumb"},"inLanguage":"lv-LV","potentialAction":[{"@type":"ReadAction","target":["https:\/\/sekimoiranga.eu\/ru\/\u043f\u0440\u043e\u0434\u0443\u043a\u0442\/rankinis-laikrodis-ant-rieso-su-slapta-kamera\/"]}]},{"@type":"ImageObject","inLanguage":"lv-LV","@id":"https:\/\/sekimoiranga.eu\/ru\/\u043f\u0440\u043e\u0434\u0443\u043a\u0442\/rankinis-laikrodis-ant-rieso-su-slapta-kamera\/#primaryimage","url":"https:\/\/sekimoiranga.eu\/wp-content\/uploads\/2022\/01\/425-1.jpg","contentUrl":"https:\/\/sekimoiranga.eu\/wp-content\/uploads\/2022\/01\/425-1.jpg","width":361,"height":348},{"@type":"BreadcrumbList","@id":"https:\/\/sekimoiranga.eu\/ru\/\u043f\u0440\u043e\u0434\u0443\u043a\u0442\/rankinis-laikrodis-ant-rieso-su-slapta-kamera\/#breadcrumb","itemListElement":[{"@type":"ListItem","position":1,"name":"Prad\u017eia","item":"https:\/\/sekimoiranga.eu\/"},{"@type":"ListItem","position":2,"name":"Parduotuv\u0117","item":"https:\/\/sekimoiranga.eu\/pl\/parduotuve\/"},{"@type":"ListItem","position":3,"name":"Rankinis Laikrodis ant rie\u0161o su slapta kamera"}]},{"@type":"WebSite","@id":"https:\/\/sekimoiranga.eu\/#website","url":"https:\/\/sekimoiranga.eu\/","name":"Izseko\u0161anas iek\u0101rtas.eu","description":"","publisher":{"@id":"https:\/\/sekimoiranga.eu\/#organization"},"potentialAction":[{"@type":"SearchAction","target":{"@type":"EntryPoint","urlTemplate":"https:\/\/sekimoiranga.eu\/?s={search_term_string}"},"query-input":{"@type":"PropertyValueSpecification","valueRequired":true,"valueName":"search_term_string"}}],"inLanguage":"lv-LV"},{"@type":"Organization","@id":"https:\/\/sekimoiranga.eu\/#organization","name":"Izseko\u0161anas apr\u012bkojums","url":"https:\/\/sekimoiranga.eu\/","logo":{"@type":"ImageObject","inLanguage":"lv-LV","@id":"https:\/\/sekimoiranga.eu\/#\/schema\/logo\/image\/","url":"https:\/\/sekimoiranga.eu\/wp-content\/uploads\/2022\/01\/cropped-fav.png","contentUrl":"https:\/\/sekimoiranga.eu\/wp-content\/uploads\/2022\/01\/cropped-fav.png","width":512,"height":512,"caption":"Sekimo \u012eranga"},"image":{"@id":"https:\/\/sekimoiranga.eu\/#\/schema\/logo\/image\/"},"sameAs":["https:\/\/www.facebook.com\/sekimoiranga\/"]}]}},"_links":{"self":[{"href":"https:\/\/sekimoiranga.eu\/lv\/wp-json\/wp\/v2\/product\/74","targetHints":{"allow":["GET"]}}],"collection":[{"href":"https:\/\/sekimoiranga.eu\/lv\/wp-json\/wp\/v2\/product"}],"about":[{"href":"https:\/\/sekimoiranga.eu\/lv\/wp-json\/wp\/v2\/types\/product"}],"wp:featuredmedia":[{"embeddable":true,"href":"https:\/\/sekimoiranga.eu\/lv\/wp-json\/wp\/v2\/media\/488"}],"wp:attachment":[{"href":"https:\/\/sekimoiranga.eu\/lv\/wp-json\/wp\/v2\/media?parent=74"}],"wp:term":[{"taxonomy":"product_brand","embeddable":true,"href":"https:\/\/sekimoiranga.eu\/lv\/wp-json\/wp\/v2\/product_brand?post=74"},{"taxonomy":"product_cat","embeddable":true,"href":"https:\/\/sekimoiranga.eu\/lv\/wp-json\/wp\/v2\/product_cat?post=74"},{"taxonomy":"product_tag","embeddable":true,"href":"https:\/\/sekimoiranga.eu\/lv\/wp-json\/wp\/v2\/product_tag?post=74"}],"curies":[{"name":"wp","href":"https:\/\/api.w.org\/{rel}","templated":true}]}}