{"id":84,"date":"2022-01-14T10:56:00","date_gmt":"2022-01-14T10:56:00","guid":{"rendered":"https:\/\/sekimoiranga.eu\/produktas\/fm-pasiklausymo-blake-mini\/"},"modified":"2025-04-30T21:31:03","modified_gmt":"2025-04-30T18:31:03","slug":"fm-pasiklausymo-blake","status":"publish","type":"product","link":"https:\/\/sekimoiranga.eu\/pl\/produkt\/fm-pasiklausymo-blake\/","title":{"rendered":"B\u0142\u0105d pods\u0142uchu FM"},"content":{"rendered":"<h3><strong>Parametry techniczne:<\/strong><\/h3>\n<ul>\n<li>Da\u017eni\u0173 diapazonas: 88-108 MHz (numatytasis 94,7 MHz)<\/li>\n<li>Atstumas iki \u012frenginio: iki 50 m atviroje vietoje priklauso nuo radijo \u012fmtuvo galingumo<\/li>\n<li>Maitinimas:\u00a01,5v\u00a0baterija<\/li>\n<li>Nuolatinis veikimo laikas: apie 30 dien\u0173<\/li>\n<li>Perdavimo galia: ma\u017edaug 2 mW<\/li>\n<li>Komplekt\u0105 sudaro: pasiklausymo \u012frenginys, instrukcija<\/li>\n<li><strong>GWARANCJA 12 miesi\u0119cy<\/strong><\/li>\n<\/ul>\n<p>Spos\u00f3b u\u017cycia: Dla w\u0142asnego bezpiecze\u0144stwa i bezpiecze\u0144stwa nieletnich dzieci.<\/p>\n<p>Nepastebima ir pasi\u017eyminti itin auk\u0161ta garso kokybe pasiklausymo blak\u0117 NX-380 garantuoja konfidencialum\u0105 bet kokioje situacijoje. D\u0117l ma\u017eo dyd\u017eio \u0161is \u012frenginys paprastai u\u017emaskuojamas, o pa\u017eangios technologijos u\u017etikrina, kad kokybi\u0161k\u0105 gars\u0105 bus galima i\u0161girsti nutolus nuo blak\u0117s net per 50 metr\u0173. \u0160io modelio pasiklausymo \u012franga perduodamus garsus galima klausyti bet kokiu radijo imtuvu (reikalingas FM radijo da\u017enis).<\/p>\n<p><strong>D\u0116M\u0116SIO<\/strong><\/p>\n<p><strong>Atkreipkite d\u0117mes\u012f, kad \u012frenginys savo funkcijas atlieka tik stacionariu re\u017eimu (\u012fjungta pasiklausymo \u012franga negali b\u016bti kilnojama).<\/strong>\u00a0<strong>Taip pat svarbu netvirtinti \u012frenginio \u0161alia kit\u0173 elektros prietais\u0173.<\/strong><\/p>","protected":false},"excerpt":{"rendered":"<p>Techniniai parametrai: Da\u017eni\u0173 diapazonas: 88-108 MHz (numatytasis 94,7 MHz) Atstumas iki \u012frenginio: iki 50 m atviroje vietoje priklauso nuo radijo \u012fmtuvo galingumo Maitinimas:\u00a01,5v\u00a0baterija Nuolatinis veikimo laikas: apie 30 dien\u0173 Perdavimo galia: ma\u017edaug 2 mW Komplekt\u0105 sudaro: pasiklausymo \u012frenginys, instrukcija GARANTIJA 12m\u0117n Panaudojimas: Savo ir nepilname\u010di\u0173 vaik\u0173 saugumui Nepastebima ir pasi\u017eyminti itin auk\u0161ta garso kokybe pasiklausymo [&hellip;]<\/p>","protected":false},"featured_media":513,"template":"","meta":[],"product_brand":[],"product_cat":[16,36],"product_tag":[],"class_list":{"0":"post-84","1":"product","2":"type-product","3":"status-publish","4":"has-post-thumbnail","6":"product_cat-pasiklausymo-iranga","7":"product_cat-rd-iranga","9":"first","10":"instock","11":"taxable","12":"shipping-taxable","13":"purchasable","14":"product-type-simple"},"yoast_head":"<!-- This site is optimized with the Yoast SEO plugin v27.6 - https:\/\/yoast.com\/product\/yoast-seo-wordpress\/ -->\n<title>FM pasiklausymo blak\u0117 - Sekimoiranga.eu<\/title>\n<meta name=\"robots\" content=\"index, follow, max-snippet:-1, max-image-preview:large, max-video-preview:-1\" \/>\n<link rel=\"canonical\" href=\"https:\/\/sekimoiranga.eu\/pl\/produkt\/fm-pasiklausymo-blake\/\" \/>\n<meta property=\"og:locale\" content=\"pl_PL\" \/>\n<meta property=\"og:type\" content=\"article\" \/>\n<meta property=\"og:title\" content=\"FM pasiklausymo blak\u0117 - Sekimoiranga.eu\" \/>\n<meta property=\"og:description\" content=\"Techniniai parametrai: Da\u017eni\u0173 diapazonas: 88-108 MHz (numatytasis 94,7 MHz) Atstumas iki \u012frenginio: iki 50 m atviroje vietoje priklauso nuo radijo \u012fmtuvo galingumo Maitinimas:\u00a01,5v\u00a0baterija Nuolatinis veikimo laikas: apie 30 dien\u0173 Perdavimo galia: ma\u017edaug 2 mW Komplekt\u0105 sudaro: pasiklausymo \u012frenginys, instrukcija GARANTIJA 12m\u0117n Panaudojimas: Savo ir nepilname\u010di\u0173 vaik\u0173 saugumui Nepastebima ir pasi\u017eyminti itin auk\u0161ta garso kokybe pasiklausymo [&hellip;]\" \/>\n<meta property=\"og:url\" content=\"https:\/\/sekimoiranga.eu\/pl\/produkt\/fm-pasiklausymo-blake\/\" \/>\n<meta property=\"og:site_name\" content=\"Sekimo\u012franga.eu\" \/>\n<meta property=\"article:publisher\" content=\"https:\/\/www.facebook.com\/sekimoiranga\/\" \/>\n<meta property=\"article:modified_time\" content=\"2025-04-30T18:31:03+00:00\" \/>\n<meta property=\"og:image\" content=\"https:\/\/sekimoiranga.eu\/wp-content\/uploads\/2022\/01\/292-1.jpg\" \/>\n\t<meta property=\"og:image:width\" content=\"960\" \/>\n\t<meta property=\"og:image:height\" content=\"695\" \/>\n\t<meta property=\"og:image:type\" content=\"image\/jpeg\" \/>\n<meta name=\"twitter:card\" content=\"summary_large_image\" \/>\n<meta name=\"twitter:label1\" content=\"Szacowany czas czytania\" \/>\n\t<meta name=\"twitter:data1\" content=\"1 minuta\" \/>\n<script type=\"application\/ld+json\" class=\"yoast-schema-graph\">{\"@context\":\"https:\\\/\\\/schema.org\",\"@graph\":[{\"@type\":\"WebPage\",\"@id\":\"https:\\\/\\\/sekimoiranga.eu\\\/produktas\\\/fm-pasiklausymo-blake\\\/\",\"url\":\"https:\\\/\\\/sekimoiranga.eu\\\/produktas\\\/fm-pasiklausymo-blake\\\/\",\"name\":\"FM pasiklausymo blak\u0117 - Sekimoiranga.eu\",\"isPartOf\":{\"@id\":\"https:\\\/\\\/sekimoiranga.eu\\\/#website\"},\"primaryImageOfPage\":{\"@id\":\"https:\\\/\\\/sekimoiranga.eu\\\/produktas\\\/fm-pasiklausymo-blake\\\/#primaryimage\"},\"image\":{\"@id\":\"https:\\\/\\\/sekimoiranga.eu\\\/produktas\\\/fm-pasiklausymo-blake\\\/#primaryimage\"},\"thumbnailUrl\":\"https:\\\/\\\/sekimoiranga.eu\\\/wp-content\\\/uploads\\\/2022\\\/01\\\/292-1.jpg\",\"datePublished\":\"2022-01-14T10:56:00+00:00\",\"dateModified\":\"2025-04-30T18:31:03+00:00\",\"breadcrumb\":{\"@id\":\"https:\\\/\\\/sekimoiranga.eu\\\/produktas\\\/fm-pasiklausymo-blake\\\/#breadcrumb\"},\"inLanguage\":\"pl-PL\",\"potentialAction\":[{\"@type\":\"ReadAction\",\"target\":[\"https:\\\/\\\/sekimoiranga.eu\\\/produktas\\\/fm-pasiklausymo-blake\\\/\"]}]},{\"@type\":\"ImageObject\",\"inLanguage\":\"pl-PL\",\"@id\":\"https:\\\/\\\/sekimoiranga.eu\\\/produktas\\\/fm-pasiklausymo-blake\\\/#primaryimage\",\"url\":\"https:\\\/\\\/sekimoiranga.eu\\\/wp-content\\\/uploads\\\/2022\\\/01\\\/292-1.jpg\",\"contentUrl\":\"https:\\\/\\\/sekimoiranga.eu\\\/wp-content\\\/uploads\\\/2022\\\/01\\\/292-1.jpg\",\"width\":960,\"height\":695},{\"@type\":\"BreadcrumbList\",\"@id\":\"https:\\\/\\\/sekimoiranga.eu\\\/produktas\\\/fm-pasiklausymo-blake\\\/#breadcrumb\",\"itemListElement\":[{\"@type\":\"ListItem\",\"position\":1,\"name\":\"Prad\u017eia\",\"item\":\"https:\\\/\\\/sekimoiranga.eu\\\/\"},{\"@type\":\"ListItem\",\"position\":2,\"name\":\"Parduotuv\u0117\",\"item\":\"https:\\\/\\\/sekimoiranga.eu\\\/pl\\\/parduotuve\\\/\"},{\"@type\":\"ListItem\",\"position\":3,\"name\":\"FM pasiklausymo blak\u0117\"}]},{\"@type\":\"WebSite\",\"@id\":\"https:\\\/\\\/sekimoiranga.eu\\\/#website\",\"url\":\"https:\\\/\\\/sekimoiranga.eu\\\/\",\"name\":\"Sekimo\u012franga.eu\",\"description\":\"\",\"publisher\":{\"@id\":\"https:\\\/\\\/sekimoiranga.eu\\\/#organization\"},\"potentialAction\":[{\"@type\":\"SearchAction\",\"target\":{\"@type\":\"EntryPoint\",\"urlTemplate\":\"https:\\\/\\\/sekimoiranga.eu\\\/?s={search_term_string}\"},\"query-input\":{\"@type\":\"PropertyValueSpecification\",\"valueRequired\":true,\"valueName\":\"search_term_string\"}}],\"inLanguage\":\"pl-PL\"},{\"@type\":\"Organization\",\"@id\":\"https:\\\/\\\/sekimoiranga.eu\\\/#organization\",\"name\":\"Sekimo \u012eranga\",\"url\":\"https:\\\/\\\/sekimoiranga.eu\\\/\",\"logo\":{\"@type\":\"ImageObject\",\"inLanguage\":\"pl-PL\",\"@id\":\"https:\\\/\\\/sekimoiranga.eu\\\/#\\\/schema\\\/logo\\\/image\\\/\",\"url\":\"https:\\\/\\\/sekimoiranga.eu\\\/wp-content\\\/uploads\\\/2022\\\/01\\\/cropped-fav.png\",\"contentUrl\":\"https:\\\/\\\/sekimoiranga.eu\\\/wp-content\\\/uploads\\\/2022\\\/01\\\/cropped-fav.png\",\"width\":512,\"height\":512,\"caption\":\"Sekimo \u012eranga\"},\"image\":{\"@id\":\"https:\\\/\\\/sekimoiranga.eu\\\/#\\\/schema\\\/logo\\\/image\\\/\"},\"sameAs\":[\"https:\\\/\\\/www.facebook.com\\\/sekimoiranga\\\/\"]}]}<\/script>\n<!-- \/ Yoast SEO plugin. -->","yoast_head_json":{"title":"FM pasiklausymo blak\u0117 - Sekimoiranga.eu","robots":{"index":"index","follow":"follow","max-snippet":"max-snippet:-1","max-image-preview":"max-image-preview:large","max-video-preview":"max-video-preview:-1"},"canonical":"https:\/\/sekimoiranga.eu\/pl\/produkt\/fm-pasiklausymo-blake\/","og_locale":"pl_PL","og_type":"article","og_title":"FM pasiklausymo blak\u0117 - Sekimoiranga.eu","og_description":"Techniniai parametrai: Da\u017eni\u0173 diapazonas: 88-108 MHz (numatytasis 94,7 MHz) Atstumas iki \u012frenginio: iki 50 m atviroje vietoje priklauso nuo radijo \u012fmtuvo galingumo Maitinimas:\u00a01,5v\u00a0baterija Nuolatinis veikimo laikas: apie 30 dien\u0173 Perdavimo galia: ma\u017edaug 2 mW Komplekt\u0105 sudaro: pasiklausymo \u012frenginys, instrukcija GARANTIJA 12m\u0117n Panaudojimas: Savo ir nepilname\u010di\u0173 vaik\u0173 saugumui Nepastebima ir pasi\u017eyminti itin auk\u0161ta garso kokybe pasiklausymo [&hellip;]","og_url":"https:\/\/sekimoiranga.eu\/pl\/produkt\/fm-pasiklausymo-blake\/","og_site_name":"Sekimo\u012franga.eu","article_publisher":"https:\/\/www.facebook.com\/sekimoiranga\/","article_modified_time":"2025-04-30T18:31:03+00:00","og_image":[{"width":960,"height":695,"url":"https:\/\/sekimoiranga.eu\/wp-content\/uploads\/2022\/01\/292-1.jpg","type":"image\/jpeg"}],"twitter_card":"summary_large_image","twitter_misc":{"Szacowany czas czytania":"1 minuta"},"schema":{"@context":"https:\/\/schema.org","@graph":[{"@type":"WebPage","@id":"https:\/\/sekimoiranga.eu\/produktas\/fm-pasiklausymo-blake\/","url":"https:\/\/sekimoiranga.eu\/produktas\/fm-pasiklausymo-blake\/","name":"FM pasiklausymo blak\u0117 - Sekimoiranga.eu","isPartOf":{"@id":"https:\/\/sekimoiranga.eu\/#website"},"primaryImageOfPage":{"@id":"https:\/\/sekimoiranga.eu\/produktas\/fm-pasiklausymo-blake\/#primaryimage"},"image":{"@id":"https:\/\/sekimoiranga.eu\/produktas\/fm-pasiklausymo-blake\/#primaryimage"},"thumbnailUrl":"https:\/\/sekimoiranga.eu\/wp-content\/uploads\/2022\/01\/292-1.jpg","datePublished":"2022-01-14T10:56:00+00:00","dateModified":"2025-04-30T18:31:03+00:00","breadcrumb":{"@id":"https:\/\/sekimoiranga.eu\/produktas\/fm-pasiklausymo-blake\/#breadcrumb"},"inLanguage":"pl-PL","potentialAction":[{"@type":"ReadAction","target":["https:\/\/sekimoiranga.eu\/produktas\/fm-pasiklausymo-blake\/"]}]},{"@type":"ImageObject","inLanguage":"pl-PL","@id":"https:\/\/sekimoiranga.eu\/produktas\/fm-pasiklausymo-blake\/#primaryimage","url":"https:\/\/sekimoiranga.eu\/wp-content\/uploads\/2022\/01\/292-1.jpg","contentUrl":"https:\/\/sekimoiranga.eu\/wp-content\/uploads\/2022\/01\/292-1.jpg","width":960,"height":695},{"@type":"BreadcrumbList","@id":"https:\/\/sekimoiranga.eu\/produktas\/fm-pasiklausymo-blake\/#breadcrumb","itemListElement":[{"@type":"ListItem","position":1,"name":"Prad\u017eia","item":"https:\/\/sekimoiranga.eu\/"},{"@type":"ListItem","position":2,"name":"Parduotuv\u0117","item":"https:\/\/sekimoiranga.eu\/pl\/parduotuve\/"},{"@type":"ListItem","position":3,"name":"FM pasiklausymo blak\u0117"}]},{"@type":"WebSite","@id":"https:\/\/sekimoiranga.eu\/#website","url":"https:\/\/sekimoiranga.eu\/","name":"Tracking equipment.eu","description":"","publisher":{"@id":"https:\/\/sekimoiranga.eu\/#organization"},"potentialAction":[{"@type":"SearchAction","target":{"@type":"EntryPoint","urlTemplate":"https:\/\/sekimoiranga.eu\/?s={search_term_string}"},"query-input":{"@type":"PropertyValueSpecification","valueRequired":true,"valueName":"search_term_string"}}],"inLanguage":"pl-PL"},{"@type":"Organization","@id":"https:\/\/sekimoiranga.eu\/#organization","name":"Sprz\u0119t do \u015bledzenia","url":"https:\/\/sekimoiranga.eu\/","logo":{"@type":"ImageObject","inLanguage":"pl-PL","@id":"https:\/\/sekimoiranga.eu\/#\/schema\/logo\/image\/","url":"https:\/\/sekimoiranga.eu\/wp-content\/uploads\/2022\/01\/cropped-fav.png","contentUrl":"https:\/\/sekimoiranga.eu\/wp-content\/uploads\/2022\/01\/cropped-fav.png","width":512,"height":512,"caption":"Sekimo \u012eranga"},"image":{"@id":"https:\/\/sekimoiranga.eu\/#\/schema\/logo\/image\/"},"sameAs":["https:\/\/www.facebook.com\/sekimoiranga\/"]}]}},"_links":{"self":[{"href":"https:\/\/sekimoiranga.eu\/pl\/wp-json\/wp\/v2\/product\/84","targetHints":{"allow":["GET"]}}],"collection":[{"href":"https:\/\/sekimoiranga.eu\/pl\/wp-json\/wp\/v2\/product"}],"about":[{"href":"https:\/\/sekimoiranga.eu\/pl\/wp-json\/wp\/v2\/types\/product"}],"wp:featuredmedia":[{"embeddable":true,"href":"https:\/\/sekimoiranga.eu\/pl\/wp-json\/wp\/v2\/media\/513"}],"wp:attachment":[{"href":"https:\/\/sekimoiranga.eu\/pl\/wp-json\/wp\/v2\/media?parent=84"}],"wp:term":[{"taxonomy":"product_brand","embeddable":true,"href":"https:\/\/sekimoiranga.eu\/pl\/wp-json\/wp\/v2\/product_brand?post=84"},{"taxonomy":"product_cat","embeddable":true,"href":"https:\/\/sekimoiranga.eu\/pl\/wp-json\/wp\/v2\/product_cat?post=84"},{"taxonomy":"product_tag","embeddable":true,"href":"https:\/\/sekimoiranga.eu\/pl\/wp-json\/wp\/v2\/product_tag?post=84"}],"curies":[{"name":"wp","href":"https:\/\/api.w.org\/{rel}","templated":true}]}}