{"id":233,"date":"2022-01-14T10:57:15","date_gmt":"2022-01-14T10:57:15","guid":{"rendered":"https:\/\/sekimoiranga.eu\/produktas\/profesionalus-pasiklausymo-irenginys-radio-dazniu-pasiklausymo-blake\/"},"modified":"2023-03-07T07:52:14","modified_gmt":"2023-03-07T05:52:14","slug":"pasiklausymo-blake-su-radio-siustuvu-atstumas-iki-500-metru","status":"publish","type":"product","link":"https:\/\/sekimoiranga.eu\/ru\/product\/pasiklausymo-blake-su-radio-siustuvu-atstumas-iki-500-metru\/","title":{"rendered":"\u041f\u043e\u043b\u043e\u0442\u043d\u043e \u043f\u0440\u043e\u0441\u043b\u0443\u0448\u0438\u0432\u0430\u043d\u0438\u044f \u0441 \u0440\u0430\u0434\u0438\u043e\u043f\u0435\u0440\u0435\u0434\u0430\u0442\u0447\u0438\u043a\u043e\u043c \u043d\u0430 \u0440\u0430\u0441\u0441\u0442\u043e\u044f\u043d\u0438\u0438 \u0434\u043e 500 \u043c\u0435\u0442\u0440\u043e\u0432"},"content":{"rendered":"<h3><strong>\u0422\u0435\u0445\u043d\u0438\u0447\u0435\u0441\u043a\u0438\u0435 \u043f\u0430\u0440\u0430\u043c\u0435\u0442\u0440\u044b:<\/strong><\/h3>\n<ul>\n<li>Baterija: vidin\u0117; li\u010dio jon\u0173<\/li>\n<li>Baterijos darbo trukm\u0117: iki\u00a06 valand\u0173<\/li>\n<li>I\u0161\u0117jimo jungtis:\u00a03.5 mm (skirta pasiklausyti ar garsui \u012fra\u0161yti)<\/li>\n<li>Matmenys: si\u0173stuvas (58 mm x 34 mm x 19 mm); imtuvas (105 mm x 54 mm x 19 mm)<\/li>\n<li><strong>\u0413\u0410\u0420\u0410\u041d\u0422\u0418\u042f 12 \u043c\u0435\u0441\u044f\u0446\u0435\u0432<\/strong><\/li>\n<\/ul>\n<p>\u041f\u0440\u0438\u043c\u0435\u043d\u0435\u043d\u0438\u0435: \u0414\u043b\u044f \u0441\u043e\u0431\u0441\u0442\u0432\u0435\u043d\u043d\u043e\u0439 \u0431\u0435\u0437\u043e\u043f\u0430\u0441\u043d\u043e\u0441\u0442\u0438, \u0431\u0435\u0437\u043e\u043f\u0430\u0441\u043d\u043e\u0441\u0442\u0438 \u0434\u0435\u0442\u0435\u0439.<\/p>\n<p>UHF pasiklausymo \u012franga. Pasiklausymo \u012frenginys skirtas aplinkos pasiklausymui, pokalbi\u0173\u00a0 \u012fra\u0161ymui naudojant diktofon\u0105 ( komplekte diktofono n\u0117ra) . \u012erenginys kokybi\u0161kai perduoda\u00a0 300-1500 metr\u0173 atstumu nuo jo girdimus pokalbius ar kitus garsus. Pasiklausymo \u012frenginio korpuse yra 3,5 mm jungtis.<\/p>\n<p><strong>Funkcijos<\/strong><\/p>\n<p>Pasiklausymo \u012frenginys signalus perduoda nuo 300-1500 m atstumu Yra parinktis reguliuoti gars\u0105<\/p>\n<p><strong>Technin\u0117 informacija<\/strong><\/p>\n<ul>\n<li>Baterija: vidin\u0117; li\u010dio jon\u0173<\/li>\n<li>Baterijos darbo trukm\u0117: iki\u00a06 valand\u0173<\/li>\n<li>I\u0161\u0117jimo jungtis:\u00a03.5 mm (skirta pasiklausyti ar garsui \u012fra\u0161yti)<\/li>\n<li>Matmenys: si\u0173stuvas (58 mm x 34 mm x 19 mm); imtuvas (105 mm x 54 mm x 19 mm)<\/li>\n<\/ul>\n<p><strong>Komplekto sud\u0117tis<\/strong><\/p>\n<ul>\n<li>Si\u0173stuvas ir imtuvas<\/li>\n<li>\u012ekroviklis<\/li>\n<li>Ausin\u0117s<\/li>\n<li>Vartotojo\u00a0instrukcija<\/li>\n<\/ul>\n<div class=\"iframe-container\"><\/div>\n<div class=\"iframe-container\">\n<p><strong>Profesionalus pasiklausymo \u012frenginys radio da\u017eniu pasiklausymo \u012franga<\/strong><\/p>\n<p>Profesionali pasiklausymo \u012franga \u2013 tai \u00a0\u012frenginys, padedantis pasiklausyti\u00a0 pokalbi\u0173, o prireikus suteikia galimyb\u0119 juos \u012fra\u0161yti naudojant diktofon\u0105. Situacij\u0173, kada gali praversti t\u0105 padaryti, yra tikrai daug, tad tuomet, jei jums kyla dvejoni\u0173 d\u0117l ma\u017eame\u010di\u0173 vaik\u0173, toks sprendimas tikrai gali b\u016bti vienas geriausi\u0173.<\/p>\n<p>Palanku yra tai, kad \u0161i pasiklausymo \u012franga transliuoja kokybi\u0161kai girdim\u0105 gars\u0105 500-1500 metr\u0173 atstumu. Prireikus tur\u0117site galimyb\u0119 reguliuoti gars\u0105, tad galite b\u016bti u\u017etikrinti, kad pokalbius ar kitus garsus gird\u0117site tikrai labai ai\u0161kiai.<\/p>\n<p>\u0160\u012f \u012frengin\u012f sudaro si\u0173stuvas ir imtuvas. Abiej\u0173 \u012frengini\u0173 matmenys yra labai nedideli \u2013 si\u0173stuvas yra 58 mm x 34 mm x 19 mm, o imtuvas \u2013 105 mm x 54 mm x 19 mm.\u00a0 Pasiklausymo \u012frenginio korpuse yra 3,5 mm jungtis, kuri gali b\u016bti naudojama kaip lizdas ausin\u0117ms ar prijungti diktofon\u0105 garso \u012fra\u0161ymui (diktofono komplekte n\u0117ra).<\/p>\n<p>\u012erenginys turi vidin\u0119 li\u010dio jon\u0173 baterij\u0105, kurios bud\u0117jimo trukm\u0117 gali siekti net 6 valandas. Per \u0161\u012f laik\u0105 galima surinkti tikrai nema\u017eai naudingos informacijos, tad tuomet, jei siekiate gauti tam tikros slaptos informacijos, radijo da\u017eniu veikianti \u012franga gali i\u0161 ties\u0173 puikiai pasiteisinti.<\/p>\n<p>Naudotis radijo da\u017eniu veikian\u010diu pasiklausymo \u012frenginiu yra labai paprasta \u2013 tereikia sureguliuoti tam tikras numatytas radijo bangas, ir netrukus gal\u0117site klausytis, kas vyksta tam tikru atstumu nuo radijo si\u0173stuvo.\u00a0 Galite b\u016bti u\u017etikrinti, kad \u00a0perduodamas garsas bus tikrai ai\u0161kus ir kokybi\u0161kas, o tuomet, jei garsai bus pernelyg tyl\u016bs, papras\u010diausiai gal\u0117site pasinaudoti pagarsinimo funkcija, ir klausytis gal\u0117site be joki\u0173 nepatogum\u0173.<\/p>\n<p>Radijo da\u017eniu veikian\u010dios pprek\u0117s komplektacij\u0105 sudaro si\u0173stuvas ir imtuvas, \u012fkroviklis, ausin\u0117s bei naudojimosi instrukcija. Tuo atveju, jei nor\u0117site ne tik pasiklausyti pokalbi\u0173, bet taip pat ir juos \u012fra\u0161yti, tokiu atveju rekomenduojama \u012fsigyti ne tik \u0161\u012f \u012frengin\u012f, bet taip pat ir diktofon\u0105, kuris gali praversti tikrai da\u017enose situacijose. I\u0161sklaidykite savo abejones ir pasinaudokite galimybe i\u0161bandyti radijo da\u017eniu veikian\u010di\u0105 \u012franga \u2013 ji jums tikrai pad\u0117s gauti jus dominan\u010di\u0105 informacij\u0105.<\/p>\n<\/div>","protected":false},"excerpt":{"rendered":"<p>Techniniai parametrai: Baterija: vidin\u0117; li\u010dio jon\u0173 Baterijos darbo trukm\u0117: iki\u00a06 valand\u0173 I\u0161\u0117jimo jungtis:\u00a03.5 mm (skirta pasiklausyti ar garsui \u012fra\u0161yti) Matmenys: si\u0173stuvas (58 mm x 34 mm x 19 mm); imtuvas (105 mm x 54 mm x 19 mm) GARANTIJA 12m\u0117n Panaudojimas: Savo, vaik\u0173 saugumui. UHF pasiklausymo \u012franga. Pasiklausymo \u012frenginys skirtas aplinkos pasiklausymui, pokalbi\u0173\u00a0 \u012fra\u0161ymui naudojant [&hellip;]<\/p>","protected":false},"featured_media":833,"template":"","meta":[],"product_brand":[],"product_cat":[16,36],"product_tag":[],"class_list":{"0":"post-233","1":"product","2":"type-product","3":"status-publish","4":"has-post-thumbnail","6":"product_cat-pasiklausymo-iranga","7":"product_cat-rd-iranga","9":"first","10":"instock","11":"taxable","12":"shipping-taxable","13":"purchasable","14":"product-type-simple"},"yoast_head":"<!-- This site is optimized with the Yoast SEO plugin v27.3 - https:\/\/yoast.com\/product\/yoast-seo-wordpress\/ -->\n<title>Pasiklausymo blak\u0117 su radio si\u0173stuvu atstumas iki 500 metr\u0173<\/title>\n<meta name=\"robots\" content=\"index, follow, max-snippet:-1, max-image-preview:large, max-video-preview:-1\" \/>\n<link rel=\"canonical\" href=\"https:\/\/sekimoiranga.eu\/ru\/product\/pasiklausymo-blake-su-radio-siustuvu-atstumas-iki-500-metru\/\" \/>\n<meta property=\"og:locale\" content=\"ru_RU\" \/>\n<meta property=\"og:type\" content=\"article\" \/>\n<meta property=\"og:title\" content=\"Pasiklausymo blak\u0117 su radio si\u0173stuvu atstumas iki 500 metr\u0173\" \/>\n<meta property=\"og:description\" content=\"Techniniai parametrai: Baterija: vidin\u0117; li\u010dio jon\u0173 Baterijos darbo trukm\u0117: iki\u00a06 valand\u0173 I\u0161\u0117jimo jungtis:\u00a03.5 mm (skirta pasiklausyti ar garsui \u012fra\u0161yti) Matmenys: si\u0173stuvas (58 mm x 34 mm x 19 mm); imtuvas (105 mm x 54 mm x 19 mm) GARANTIJA 12m\u0117n Panaudojimas: Savo, vaik\u0173 saugumui. UHF pasiklausymo \u012franga. Pasiklausymo \u012frenginys skirtas aplinkos pasiklausymui, pokalbi\u0173\u00a0 \u012fra\u0161ymui naudojant [&hellip;]\" \/>\n<meta property=\"og:url\" content=\"https:\/\/sekimoiranga.eu\/ru\/product\/pasiklausymo-blake-su-radio-siustuvu-atstumas-iki-500-metru\/\" \/>\n<meta property=\"og:site_name\" content=\"Sekimo\u012franga.eu\" \/>\n<meta property=\"article:publisher\" content=\"https:\/\/www.facebook.com\/sekimoiranga\/\" \/>\n<meta property=\"article:modified_time\" content=\"2023-03-07T05:52:14+00:00\" \/>\n<meta property=\"og:image\" content=\"https:\/\/sekimoiranga.eu\/wp-content\/uploads\/2022\/01\/227-1.jpg\" \/>\n\t<meta property=\"og:image:width\" content=\"458\" \/>\n\t<meta property=\"og:image:height\" content=\"458\" \/>\n\t<meta property=\"og:image:type\" content=\"image\/jpeg\" \/>\n<meta name=\"twitter:card\" content=\"summary_large_image\" \/>\n<meta name=\"twitter:label1\" content=\"\u041f\u0440\u0438\u043c\u0435\u0440\u043d\u043e\u0435 \u0432\u0440\u0435\u043c\u044f \u0434\u043b\u044f \u0447\u0442\u0435\u043d\u0438\u044f\" \/>\n\t<meta name=\"twitter:data1\" content=\"3 \u043c\u0438\u043d\u0443\u0442\u044b\" \/>\n<script type=\"application\/ld+json\" class=\"yoast-schema-graph\">{\"@context\":\"https:\\\/\\\/schema.org\",\"@graph\":[{\"@type\":\"WebPage\",\"@id\":\"https:\\\/\\\/sekimoiranga.eu\\\/produktas\\\/pasiklausymo-blake-su-radio-siustuvu-atstumas-iki-500-metru\\\/\",\"url\":\"https:\\\/\\\/sekimoiranga.eu\\\/produktas\\\/pasiklausymo-blake-su-radio-siustuvu-atstumas-iki-500-metru\\\/\",\"name\":\"Pasiklausymo blak\u0117 su radio si\u0173stuvu atstumas iki 500 metr\u0173\",\"isPartOf\":{\"@id\":\"https:\\\/\\\/sekimoiranga.eu\\\/#website\"},\"primaryImageOfPage\":{\"@id\":\"https:\\\/\\\/sekimoiranga.eu\\\/produktas\\\/pasiklausymo-blake-su-radio-siustuvu-atstumas-iki-500-metru\\\/#primaryimage\"},\"image\":{\"@id\":\"https:\\\/\\\/sekimoiranga.eu\\\/produktas\\\/pasiklausymo-blake-su-radio-siustuvu-atstumas-iki-500-metru\\\/#primaryimage\"},\"thumbnailUrl\":\"https:\\\/\\\/sekimoiranga.eu\\\/wp-content\\\/uploads\\\/2022\\\/01\\\/227-1.jpg\",\"datePublished\":\"2022-01-14T10:57:15+00:00\",\"dateModified\":\"2023-03-07T05:52:14+00:00\",\"breadcrumb\":{\"@id\":\"https:\\\/\\\/sekimoiranga.eu\\\/produktas\\\/pasiklausymo-blake-su-radio-siustuvu-atstumas-iki-500-metru\\\/#breadcrumb\"},\"inLanguage\":\"ru-RU\",\"potentialAction\":[{\"@type\":\"ReadAction\",\"target\":[\"https:\\\/\\\/sekimoiranga.eu\\\/produktas\\\/pasiklausymo-blake-su-radio-siustuvu-atstumas-iki-500-metru\\\/\"]}]},{\"@type\":\"ImageObject\",\"inLanguage\":\"ru-RU\",\"@id\":\"https:\\\/\\\/sekimoiranga.eu\\\/produktas\\\/pasiklausymo-blake-su-radio-siustuvu-atstumas-iki-500-metru\\\/#primaryimage\",\"url\":\"https:\\\/\\\/sekimoiranga.eu\\\/wp-content\\\/uploads\\\/2022\\\/01\\\/227-1.jpg\",\"contentUrl\":\"https:\\\/\\\/sekimoiranga.eu\\\/wp-content\\\/uploads\\\/2022\\\/01\\\/227-1.jpg\",\"width\":458,\"height\":458},{\"@type\":\"BreadcrumbList\",\"@id\":\"https:\\\/\\\/sekimoiranga.eu\\\/produktas\\\/pasiklausymo-blake-su-radio-siustuvu-atstumas-iki-500-metru\\\/#breadcrumb\",\"itemListElement\":[{\"@type\":\"ListItem\",\"position\":1,\"name\":\"Prad\u017eia\",\"item\":\"https:\\\/\\\/sekimoiranga.eu\\\/\"},{\"@type\":\"ListItem\",\"position\":2,\"name\":\"Parduotuv\u0117\",\"item\":\"https:\\\/\\\/sekimoiranga.eu\\\/pl\\\/parduotuve\\\/\"},{\"@type\":\"ListItem\",\"position\":3,\"name\":\"Pasiklausymo blak\u0117 su radio si\u0173stuvu atstumas iki 500 metr\u0173\"}]},{\"@type\":\"WebSite\",\"@id\":\"https:\\\/\\\/sekimoiranga.eu\\\/#website\",\"url\":\"https:\\\/\\\/sekimoiranga.eu\\\/\",\"name\":\"Sekimo\u012franga.eu\",\"description\":\"\",\"publisher\":{\"@id\":\"https:\\\/\\\/sekimoiranga.eu\\\/#organization\"},\"potentialAction\":[{\"@type\":\"SearchAction\",\"target\":{\"@type\":\"EntryPoint\",\"urlTemplate\":\"https:\\\/\\\/sekimoiranga.eu\\\/?s={search_term_string}\"},\"query-input\":{\"@type\":\"PropertyValueSpecification\",\"valueRequired\":true,\"valueName\":\"search_term_string\"}}],\"inLanguage\":\"ru-RU\"},{\"@type\":\"Organization\",\"@id\":\"https:\\\/\\\/sekimoiranga.eu\\\/#organization\",\"name\":\"Sekimo \u012eranga\",\"url\":\"https:\\\/\\\/sekimoiranga.eu\\\/\",\"logo\":{\"@type\":\"ImageObject\",\"inLanguage\":\"ru-RU\",\"@id\":\"https:\\\/\\\/sekimoiranga.eu\\\/#\\\/schema\\\/logo\\\/image\\\/\",\"url\":\"https:\\\/\\\/sekimoiranga.eu\\\/wp-content\\\/uploads\\\/2022\\\/01\\\/cropped-fav.png\",\"contentUrl\":\"https:\\\/\\\/sekimoiranga.eu\\\/wp-content\\\/uploads\\\/2022\\\/01\\\/cropped-fav.png\",\"width\":512,\"height\":512,\"caption\":\"Sekimo \u012eranga\"},\"image\":{\"@id\":\"https:\\\/\\\/sekimoiranga.eu\\\/#\\\/schema\\\/logo\\\/image\\\/\"},\"sameAs\":[\"https:\\\/\\\/www.facebook.com\\\/sekimoiranga\\\/\"]}]}<\/script>\n<!-- \/ Yoast SEO plugin. -->","yoast_head_json":{"title":"\u041f\u043e\u043b\u043e\u0442\u043d\u043e \u043f\u0440\u043e\u0441\u043b\u0443\u0448\u0438\u0432\u0430\u043d\u0438\u044f \u0441 \u0440\u0430\u0434\u0438\u043e\u043f\u0435\u0440\u0435\u0434\u0430\u0442\u0447\u0438\u043a\u043e\u043c \u043d\u0430 \u0440\u0430\u0441\u0441\u0442\u043e\u044f\u043d\u0438\u0438 \u0434\u043e 500 \u043c\u0435\u0442\u0440\u043e\u0432","robots":{"index":"index","follow":"follow","max-snippet":"max-snippet:-1","max-image-preview":"max-image-preview:large","max-video-preview":"max-video-preview:-1"},"canonical":"https:\/\/sekimoiranga.eu\/ru\/product\/pasiklausymo-blake-su-radio-siustuvu-atstumas-iki-500-metru\/","og_locale":"ru_RU","og_type":"article","og_title":"Pasiklausymo blak\u0117 su radio si\u0173stuvu atstumas iki 500 metr\u0173","og_description":"Techniniai parametrai: Baterija: vidin\u0117; li\u010dio jon\u0173 Baterijos darbo trukm\u0117: iki\u00a06 valand\u0173 I\u0161\u0117jimo jungtis:\u00a03.5 mm (skirta pasiklausyti ar garsui \u012fra\u0161yti) Matmenys: si\u0173stuvas (58 mm x 34 mm x 19 mm); imtuvas (105 mm x 54 mm x 19 mm) GARANTIJA 12m\u0117n Panaudojimas: Savo, vaik\u0173 saugumui. UHF pasiklausymo \u012franga. Pasiklausymo \u012frenginys skirtas aplinkos pasiklausymui, pokalbi\u0173\u00a0 \u012fra\u0161ymui naudojant [&hellip;]","og_url":"https:\/\/sekimoiranga.eu\/ru\/product\/pasiklausymo-blake-su-radio-siustuvu-atstumas-iki-500-metru\/","og_site_name":"Sekimo\u012franga.eu","article_publisher":"https:\/\/www.facebook.com\/sekimoiranga\/","article_modified_time":"2023-03-07T05:52:14+00:00","og_image":[{"width":458,"height":458,"url":"https:\/\/sekimoiranga.eu\/wp-content\/uploads\/2022\/01\/227-1.jpg","type":"image\/jpeg"}],"twitter_card":"summary_large_image","twitter_misc":{"\u041f\u0440\u0438\u043c\u0435\u0440\u043d\u043e\u0435 \u0432\u0440\u0435\u043c\u044f \u0434\u043b\u044f \u0447\u0442\u0435\u043d\u0438\u044f":"3 \u043c\u0438\u043d\u0443\u0442\u044b"},"schema":{"@context":"https:\/\/schema.org","@graph":[{"@type":"WebPage","@id":"https:\/\/sekimoiranga.eu\/produktas\/pasiklausymo-blake-su-radio-siustuvu-atstumas-iki-500-metru\/","url":"https:\/\/sekimoiranga.eu\/produktas\/pasiklausymo-blake-su-radio-siustuvu-atstumas-iki-500-metru\/","name":"\u041f\u043e\u043b\u043e\u0442\u043d\u043e \u043f\u0440\u043e\u0441\u043b\u0443\u0448\u0438\u0432\u0430\u043d\u0438\u044f \u0441 \u0440\u0430\u0434\u0438\u043e\u043f\u0435\u0440\u0435\u0434\u0430\u0442\u0447\u0438\u043a\u043e\u043c \u043d\u0430 \u0440\u0430\u0441\u0441\u0442\u043e\u044f\u043d\u0438\u0438 \u0434\u043e 500 \u043c\u0435\u0442\u0440\u043e\u0432","isPartOf":{"@id":"https:\/\/sekimoiranga.eu\/#website"},"primaryImageOfPage":{"@id":"https:\/\/sekimoiranga.eu\/produktas\/pasiklausymo-blake-su-radio-siustuvu-atstumas-iki-500-metru\/#primaryimage"},"image":{"@id":"https:\/\/sekimoiranga.eu\/produktas\/pasiklausymo-blake-su-radio-siustuvu-atstumas-iki-500-metru\/#primaryimage"},"thumbnailUrl":"https:\/\/sekimoiranga.eu\/wp-content\/uploads\/2022\/01\/227-1.jpg","datePublished":"2022-01-14T10:57:15+00:00","dateModified":"2023-03-07T05:52:14+00:00","breadcrumb":{"@id":"https:\/\/sekimoiranga.eu\/produktas\/pasiklausymo-blake-su-radio-siustuvu-atstumas-iki-500-metru\/#breadcrumb"},"inLanguage":"ru-RU","potentialAction":[{"@type":"ReadAction","target":["https:\/\/sekimoiranga.eu\/produktas\/pasiklausymo-blake-su-radio-siustuvu-atstumas-iki-500-metru\/"]}]},{"@type":"ImageObject","inLanguage":"ru-RU","@id":"https:\/\/sekimoiranga.eu\/produktas\/pasiklausymo-blake-su-radio-siustuvu-atstumas-iki-500-metru\/#primaryimage","url":"https:\/\/sekimoiranga.eu\/wp-content\/uploads\/2022\/01\/227-1.jpg","contentUrl":"https:\/\/sekimoiranga.eu\/wp-content\/uploads\/2022\/01\/227-1.jpg","width":458,"height":458},{"@type":"BreadcrumbList","@id":"https:\/\/sekimoiranga.eu\/produktas\/pasiklausymo-blake-su-radio-siustuvu-atstumas-iki-500-metru\/#breadcrumb","itemListElement":[{"@type":"ListItem","position":1,"name":"Prad\u017eia","item":"https:\/\/sekimoiranga.eu\/"},{"@type":"ListItem","position":2,"name":"Parduotuv\u0117","item":"https:\/\/sekimoiranga.eu\/pl\/parduotuve\/"},{"@type":"ListItem","position":3,"name":"Pasiklausymo blak\u0117 su radio si\u0173stuvu atstumas iki 500 metr\u0173"}]},{"@type":"WebSite","@id":"https:\/\/sekimoiranga.eu\/#website","url":"https:\/\/sekimoiranga.eu\/","name":"\u041e\u0431\u043e\u0440\u0443\u0434\u043e\u0432\u0430\u043d\u0438\u0435 \u0434\u043b\u044f \u0442\u0440\u0435\u043a\u0438\u043d\u0433\u0430.eu","description":"","publisher":{"@id":"https:\/\/sekimoiranga.eu\/#organization"},"potentialAction":[{"@type":"SearchAction","target":{"@type":"EntryPoint","urlTemplate":"https:\/\/sekimoiranga.eu\/?s={search_term_string}"},"query-input":{"@type":"PropertyValueSpecification","valueRequired":true,"valueName":"search_term_string"}}],"inLanguage":"ru-RU"},{"@type":"Organization","@id":"https:\/\/sekimoiranga.eu\/#organization","name":"\u041e\u0431\u043e\u0440\u0443\u0434\u043e\u0432\u0430\u043d\u0438\u0435 \u0434\u043b\u044f \u0441\u043b\u0435\u0436\u0435\u043d\u0438\u044f","url":"https:\/\/sekimoiranga.eu\/","logo":{"@type":"ImageObject","inLanguage":"ru-RU","@id":"https:\/\/sekimoiranga.eu\/#\/schema\/logo\/image\/","url":"https:\/\/sekimoiranga.eu\/wp-content\/uploads\/2022\/01\/cropped-fav.png","contentUrl":"https:\/\/sekimoiranga.eu\/wp-content\/uploads\/2022\/01\/cropped-fav.png","width":512,"height":512,"caption":"Sekimo \u012eranga"},"image":{"@id":"https:\/\/sekimoiranga.eu\/#\/schema\/logo\/image\/"},"sameAs":["https:\/\/www.facebook.com\/sekimoiranga\/"]}]}},"_links":{"self":[{"href":"https:\/\/sekimoiranga.eu\/ru\/wp-json\/wp\/v2\/product\/233","targetHints":{"allow":["GET"]}}],"collection":[{"href":"https:\/\/sekimoiranga.eu\/ru\/wp-json\/wp\/v2\/product"}],"about":[{"href":"https:\/\/sekimoiranga.eu\/ru\/wp-json\/wp\/v2\/types\/product"}],"wp:featuredmedia":[{"embeddable":true,"href":"https:\/\/sekimoiranga.eu\/ru\/wp-json\/wp\/v2\/media\/833"}],"wp:attachment":[{"href":"https:\/\/sekimoiranga.eu\/ru\/wp-json\/wp\/v2\/media?parent=233"}],"wp:term":[{"taxonomy":"product_brand","embeddable":true,"href":"https:\/\/sekimoiranga.eu\/ru\/wp-json\/wp\/v2\/product_brand?post=233"},{"taxonomy":"product_cat","embeddable":true,"href":"https:\/\/sekimoiranga.eu\/ru\/wp-json\/wp\/v2\/product_cat?post=233"},{"taxonomy":"product_tag","embeddable":true,"href":"https:\/\/sekimoiranga.eu\/ru\/wp-json\/wp\/v2\/product_tag?post=233"}],"curies":[{"name":"wp","href":"https:\/\/api.w.org\/{rel}","templated":true}]}}